{"id":6652,"date":"2019-10-25T14:40:32","date_gmt":"2019-10-25T14:40:32","guid":{"rendered":"https:\/\/www.bau-styl.hu\/epitoanyag\/termek\/bramac-fem-hofogo-acel-teglavoros\/"},"modified":"2026-02-16T22:24:18","modified_gmt":"2026-02-16T20:24:18","slug":"bramac-fem-hofogo-acel-teglavoros","status":"publish","type":"product","link":"https:\/\/www.bau-styl.hu\/epitoanyag\/termek\/bramac-fem-hofogo-acel-teglavoros\/","title":{"rendered":"Bramac F\u00e9m h\u00f3fog\u00f3 ac\u00e9l t\u00e9glav\u00f6r\u00f6s"},"content":{"rendered":"","protected":false},"excerpt":{"rendered":"<p>A f\u00e9m h\u00f3fog\u00f3 elem a h\u00f3 megcs\u00fasz\u00e1s\u00e1nak megel\u0151z\u00e9s\u00e9re szolg\u00e1l. Els\u0151sorban az ereszhez k\u00f6zeli cser\u00e9psorokn\u00e1l c\u00e9lszer\u0171 be\u00e9p\u00edteni, hat\u00e1sos megfog\u00e1st nagyobb fel\u00fcleten, s\u0171r\u0171 elhelyez\u00e9ssel eredm\u00e9nyez.<\/p>\n","protected":false},"featured_media":2084,"template":"","meta":[],"product_brand":[],"product_cat":[355,445,447,365],"product_tag":[6586],"class_list":{"0":"post-6652","1":"product","2":"type-product","3":"status-publish","4":"has-post-thumbnail","6":"product_cat-tetofedes","7":"product_cat-tetotartozek","8":"product_cat-fem-es-muanyag-kiegeszito","9":"product_cat-bramac-fem-es-muanyag-kiegeszito","10":"product_tag-bramac","12":"first","13":"instock","14":"taxable","15":"shipping-taxable","16":"purchasable","17":"product-type-simple"},"aioseo_notices":[],"_links":{"self":[{"href":"https:\/\/www.bau-styl.hu\/epitoanyag\/wp-json\/wp\/v2\/product\/6652","targetHints":{"allow":["GET"]}}],"collection":[{"href":"https:\/\/www.bau-styl.hu\/epitoanyag\/wp-json\/wp\/v2\/product"}],"about":[{"href":"https:\/\/www.bau-styl.hu\/epitoanyag\/wp-json\/wp\/v2\/types\/product"}],"wp:featuredmedia":[{"embeddable":true,"href":"https:\/\/www.bau-styl.hu\/epitoanyag\/wp-json\/wp\/v2\/media\/2084"}],"wp:attachment":[{"href":"https:\/\/www.bau-styl.hu\/epitoanyag\/wp-json\/wp\/v2\/media?parent=6652"}],"wp:term":[{"taxonomy":"product_brand","embeddable":true,"href":"https:\/\/www.bau-styl.hu\/epitoanyag\/wp-json\/wp\/v2\/product_brand?post=6652"},{"taxonomy":"product_cat","embeddable":true,"href":"https:\/\/www.bau-styl.hu\/epitoanyag\/wp-json\/wp\/v2\/product_cat?post=6652"},{"taxonomy":"product_tag","embeddable":true,"href":"https:\/\/www.bau-styl.hu\/epitoanyag\/wp-json\/wp\/v2\/product_tag?post=6652"}],"curies":[{"name":"wp","href":"https:\/\/api.w.org\/{rel}","templated":true}]}}