{"id":6655,"date":"2019-10-25T14:40:35","date_gmt":"2019-10-25T14:40:35","guid":{"rendered":"https:\/\/www.bau-styl.hu\/epitoanyag\/termek\/bramac-jarocserep-kengyel-acel-teglavoros\/"},"modified":"2026-02-16T22:23:33","modified_gmt":"2026-02-16T20:23:33","slug":"bramac-jarocserep-kengyel-acel-teglavoros","status":"publish","type":"product","link":"https:\/\/www.bau-styl.hu\/epitoanyag\/termek\/bramac-jarocserep-kengyel-acel-teglavoros\/","title":{"rendered":"Bramac J\u00e1r\u00f3cser\u00e9p kengyel ac\u00e9l t\u00e9glav\u00f6r\u00f6s"},"content":{"rendered":"","protected":false},"excerpt":{"rendered":"","protected":false},"featured_media":31369,"template":"","meta":[],"product_brand":[],"product_cat":[355,445,447,365],"product_tag":[6586],"class_list":{"0":"post-6655","1":"product","2":"type-product","3":"status-publish","4":"has-post-thumbnail","6":"product_cat-tetofedes","7":"product_cat-tetotartozek","8":"product_cat-fem-es-muanyag-kiegeszito","9":"product_cat-bramac-fem-es-muanyag-kiegeszito","10":"product_tag-bramac","12":"first","13":"instock","14":"taxable","15":"shipping-taxable","16":"purchasable","17":"product-type-simple"},"aioseo_notices":[],"_links":{"self":[{"href":"https:\/\/www.bau-styl.hu\/epitoanyag\/wp-json\/wp\/v2\/product\/6655","targetHints":{"allow":["GET"]}}],"collection":[{"href":"https:\/\/www.bau-styl.hu\/epitoanyag\/wp-json\/wp\/v2\/product"}],"about":[{"href":"https:\/\/www.bau-styl.hu\/epitoanyag\/wp-json\/wp\/v2\/types\/product"}],"wp:featuredmedia":[{"embeddable":true,"href":"https:\/\/www.bau-styl.hu\/epitoanyag\/wp-json\/wp\/v2\/media\/31369"}],"wp:attachment":[{"href":"https:\/\/www.bau-styl.hu\/epitoanyag\/wp-json\/wp\/v2\/media?parent=6655"}],"wp:term":[{"taxonomy":"product_brand","embeddable":true,"href":"https:\/\/www.bau-styl.hu\/epitoanyag\/wp-json\/wp\/v2\/product_brand?post=6655"},{"taxonomy":"product_cat","embeddable":true,"href":"https:\/\/www.bau-styl.hu\/epitoanyag\/wp-json\/wp\/v2\/product_cat?post=6655"},{"taxonomy":"product_tag","embeddable":true,"href":"https:\/\/www.bau-styl.hu\/epitoanyag\/wp-json\/wp\/v2\/product_tag?post=6655"}],"curies":[{"name":"wp","href":"https:\/\/api.w.org\/{rel}","templated":true}]}}