{"id":6670,"date":"2019-10-25T14:40:48","date_gmt":"2019-10-25T14:40:48","guid":{"rendered":"https:\/\/www.bau-styl.hu\/epitoanyag\/termek\/bramac-muanyag-kupcserep-lezaro-teglavoros\/"},"modified":"2026-04-20T21:09:17","modified_gmt":"2026-04-20T19:09:17","slug":"bramac-muanyag-kupcserep-lezaro-teglavoros","status":"publish","type":"product","link":"https:\/\/www.bau-styl.hu\/epitoanyag\/termek\/bramac-muanyag-kupcserep-lezaro-teglavoros\/","title":{"rendered":"Bramac M\u0171anyag K\u00fapcser\u00e9p lez\u00e1r\u00f3 t\u00e9glav\u00f6r\u00f6s"},"content":{"rendered":"","protected":false},"excerpt":{"rendered":"","protected":false},"featured_media":31372,"template":"","meta":[],"product_brand":[11270],"product_cat":[11362,355],"product_tag":[],"class_list":{"0":"post-6670","1":"product","2":"type-product","3":"status-publish","4":"has-post-thumbnail","6":"product_brand-bramac","7":"product_cat-fem-es-muanyag-kiegeszito","8":"product_cat-tetofedes","10":"first","11":"instock","12":"taxable","13":"shipping-taxable","14":"purchasable","15":"product-type-simple"},"aioseo_notices":[],"_links":{"self":[{"href":"https:\/\/www.bau-styl.hu\/epitoanyag\/wp-json\/wp\/v2\/product\/6670","targetHints":{"allow":["GET"]}}],"collection":[{"href":"https:\/\/www.bau-styl.hu\/epitoanyag\/wp-json\/wp\/v2\/product"}],"about":[{"href":"https:\/\/www.bau-styl.hu\/epitoanyag\/wp-json\/wp\/v2\/types\/product"}],"wp:featuredmedia":[{"embeddable":true,"href":"https:\/\/www.bau-styl.hu\/epitoanyag\/wp-json\/wp\/v2\/media\/31372"}],"wp:attachment":[{"href":"https:\/\/www.bau-styl.hu\/epitoanyag\/wp-json\/wp\/v2\/media?parent=6670"}],"wp:term":[{"taxonomy":"product_brand","embeddable":true,"href":"https:\/\/www.bau-styl.hu\/epitoanyag\/wp-json\/wp\/v2\/product_brand?post=6670"},{"taxonomy":"product_cat","embeddable":true,"href":"https:\/\/www.bau-styl.hu\/epitoanyag\/wp-json\/wp\/v2\/product_cat?post=6670"},{"taxonomy":"product_tag","embeddable":true,"href":"https:\/\/www.bau-styl.hu\/epitoanyag\/wp-json\/wp\/v2\/product_tag?post=6670"}],"curies":[{"name":"wp","href":"https:\/\/api.w.org\/{rel}","templated":true}]}}