{"id":6678,"date":"2019-10-25T14:40:54","date_gmt":"2019-10-25T14:40:54","guid":{"rendered":"https:\/\/www.bau-styl.hu\/epitoanyag\/termek\/bramac-univerzalis-tarejgerinc-kupalatet-fekete-1-m\/"},"modified":"2024-01-15T21:12:38","modified_gmt":"2024-01-15T19:12:38","slug":"bramac-univerzalis-tarejgerinc-kupalatet-fekete-1-m","status":"publish","type":"product","link":"https:\/\/www.bau-styl.hu\/epitoanyag\/termek\/bramac-univerzalis-tarejgerinc-kupalatet-fekete-1-m\/","title":{"rendered":"Bramac Univerz\u00e1lis Tar\u00e9jgerinc k\u00fapal\u00e1t\u00e9t fekete 1 m"},"content":{"rendered":"","protected":false},"excerpt":{"rendered":"<p>Kiv\u00e1l\u00f3 \u00e1tszell\u0151z\u00e9st biztos\u00edt, \u00e9s megakad\u00e1lyozza a porh\u00f3, csap\u00f3es\u0151, homok \u00e9s rovarok bejut\u00e1s\u00e1t a tet\u0151 al\u00e1.<\/p>\n","protected":false},"featured_media":2136,"template":"","meta":[],"product_brand":[],"product_cat":[355,445,447,365],"product_tag":[6586],"class_list":{"0":"post-6678","1":"product","2":"type-product","3":"status-publish","4":"has-post-thumbnail","6":"product_cat-tetofedes","7":"product_cat-tetotartozek","8":"product_cat-fem-es-muanyag-kiegeszito","9":"product_cat-bramac-fem-es-muanyag-kiegeszito","10":"product_tag-bramac","12":"first","13":"instock","14":"taxable","15":"shipping-taxable","16":"purchasable","17":"product-type-simple"},"aioseo_notices":[],"_links":{"self":[{"href":"https:\/\/www.bau-styl.hu\/epitoanyag\/wp-json\/wp\/v2\/product\/6678","targetHints":{"allow":["GET"]}}],"collection":[{"href":"https:\/\/www.bau-styl.hu\/epitoanyag\/wp-json\/wp\/v2\/product"}],"about":[{"href":"https:\/\/www.bau-styl.hu\/epitoanyag\/wp-json\/wp\/v2\/types\/product"}],"wp:featuredmedia":[{"embeddable":true,"href":"https:\/\/www.bau-styl.hu\/epitoanyag\/wp-json\/wp\/v2\/media\/2136"}],"wp:attachment":[{"href":"https:\/\/www.bau-styl.hu\/epitoanyag\/wp-json\/wp\/v2\/media?parent=6678"}],"wp:term":[{"taxonomy":"product_brand","embeddable":true,"href":"https:\/\/www.bau-styl.hu\/epitoanyag\/wp-json\/wp\/v2\/product_brand?post=6678"},{"taxonomy":"product_cat","embeddable":true,"href":"https:\/\/www.bau-styl.hu\/epitoanyag\/wp-json\/wp\/v2\/product_cat?post=6678"},{"taxonomy":"product_tag","embeddable":true,"href":"https:\/\/www.bau-styl.hu\/epitoanyag\/wp-json\/wp\/v2\/product_tag?post=6678"}],"curies":[{"name":"wp","href":"https:\/\/api.w.org\/{rel}","templated":true}]}}