{"id":6700,"date":"2023-02-28T15:08:03","date_gmt":"2023-02-28T13:08:03","guid":{"rendered":"https:\/\/www.bau-styl.hu\/epitoanyag\/termek\/bramac-romai-merito-plus-alapcserep-teglavoros\/"},"modified":"2026-02-16T22:20:22","modified_gmt":"2026-02-16T20:20:22","slug":"bramac-romai-novo-plus-alapcserep-teglavoros","status":"publish","type":"product","link":"https:\/\/www.bau-styl.hu\/epitoanyag\/termek\/bramac-romai-novo-plus-alapcserep-teglavoros\/","title":{"rendered":"Bramac R\u00f3mai Novo Alapcser\u00e9p t\u00e9glav\u00f6r\u00f6s"},"content":{"rendered":"<div class='avia-iframe-wrap'><iframe loading=\"lazy\" title=\"BRAMAC. J\u00d3VAL - OLCS\u00d3BB!\" width=\"1500\" height=\"844\" src=\"https:\/\/www.youtube.com\/embed\/rHt1IOm6SGE?feature=oembed\" frameborder=\"0\" allow=\"accelerometer; autoplay; clipboard-write; encrypted-media; gyroscope; picture-in-picture; web-share\" allowfullscreen><\/iframe><\/div>\n","protected":false},"excerpt":{"rendered":"<p>Az alapcser\u00e9p mell\u00e9 opcion\u00e1lis term\u00e9kek, idomcserepek (szell\u0151z\u0151cser\u00e9p, f\u00e9lcser\u00e9p, szeg\u00e9lycser\u00e9p, k\u00fapcser\u00e9p, eloszt\u00f3 k\u00fapcser\u00e9p, kezd\u0151 k\u00fapcser\u00e9p) k\u00f6z\u00fcl v\u00e1laszthat, amelyek \u00e1rair\u00f3l az aj\u00e1nlatk\u00e9r\u00e9s lead\u00e1s\u00e1t k\u00f6vet\u0151en munkat\u00e1rsunk emailben t\u00e1j\u00e9koztatja \u00d6nt.<\/p>\n","protected":false},"featured_media":24561,"template":"","meta":[],"product_brand":[],"product_cat":[355,6654,6659],"product_tag":[6586],"class_list":{"0":"post-6700","1":"product","2":"type-product","3":"status-publish","4":"has-post-thumbnail","6":"product_cat-tetofedes","7":"product_cat-beton-cserep","8":"product_cat-bramac-beton-alapcserep","9":"product_tag-bramac","11":"first","12":"instock","13":"taxable","14":"shipping-taxable","15":"purchasable","16":"product-type-simple"},"aioseo_notices":[],"_links":{"self":[{"href":"https:\/\/www.bau-styl.hu\/epitoanyag\/wp-json\/wp\/v2\/product\/6700","targetHints":{"allow":["GET"]}}],"collection":[{"href":"https:\/\/www.bau-styl.hu\/epitoanyag\/wp-json\/wp\/v2\/product"}],"about":[{"href":"https:\/\/www.bau-styl.hu\/epitoanyag\/wp-json\/wp\/v2\/types\/product"}],"wp:featuredmedia":[{"embeddable":true,"href":"https:\/\/www.bau-styl.hu\/epitoanyag\/wp-json\/wp\/v2\/media\/24561"}],"wp:attachment":[{"href":"https:\/\/www.bau-styl.hu\/epitoanyag\/wp-json\/wp\/v2\/media?parent=6700"}],"wp:term":[{"taxonomy":"product_brand","embeddable":true,"href":"https:\/\/www.bau-styl.hu\/epitoanyag\/wp-json\/wp\/v2\/product_brand?post=6700"},{"taxonomy":"product_cat","embeddable":true,"href":"https:\/\/www.bau-styl.hu\/epitoanyag\/wp-json\/wp\/v2\/product_cat?post=6700"},{"taxonomy":"product_tag","embeddable":true,"href":"https:\/\/www.bau-styl.hu\/epitoanyag\/wp-json\/wp\/v2\/product_tag?post=6700"}],"curies":[{"name":"wp","href":"https:\/\/api.w.org\/{rel}","templated":true}]}}