{"id":6745,"date":"2023-02-28T15:08:03","date_gmt":"2023-02-28T13:08:03","guid":{"rendered":"https:\/\/www.bau-styl.hu\/epitoanyag\/termek\/bramac-romai-protector-alapcserep-teglavoros\/"},"modified":"2026-02-16T22:20:02","modified_gmt":"2026-02-16T20:20:02","slug":"bramac-romai-protector-alapcserep-teglavoros","status":"publish","type":"product","link":"https:\/\/www.bau-styl.hu\/epitoanyag\/termek\/bramac-romai-protector-alapcserep-teglavoros\/","title":{"rendered":"Bramac R\u00f3mai Protector Alapcser\u00e9p t\u00e9glav\u00f6r\u00f6s"},"content":{"rendered":"<div class='avia-iframe-wrap'><iframe loading=\"lazy\" title=\"BRAMAC. J\u00d3VAL - OLCS\u00d3BB!\" width=\"1500\" height=\"844\" src=\"https:\/\/www.youtube.com\/embed\/rHt1IOm6SGE?feature=oembed&#038;enablejsapi=1&#038;origin=https:\/\/www.bau-styl.hu\" frameborder=\"0\" allow=\"accelerometer; autoplay; clipboard-write; encrypted-media; gyroscope; picture-in-picture; web-share\" allowfullscreen><\/iframe><\/div>\n","protected":false},"excerpt":{"rendered":"<p>A R\u00f3mai tet\u0151cser\u00e9p jellegzetes rajzolat\u00e1val eml\u00e9keztet a d\u00e9lvid\u00e9ki kolostortet\u0151kre, amely l\u00e1gy, hull\u00e1mos vonalakkal tark\u00edtott. Az \u00e9p\u00fcletnek eleg\u00e1ns megjelen\u00e9st ad a cser\u00e9p sima, lekerek\u00edtett form\u00e1ja, m\u00edg karakteres profilja egyedi \u00e9p\u00edt\u00e9szeti megform\u00e1l\u00e1st tesz lehet\u0151v\u00e9.<\/p>\n<p>A PR\u00c9MIUM kateg\u00f3ri\u00e1ban a R\u00f3mai modellt Protector fel\u00fclettel l\u00e1ttuk el, \u00edgy m\u00e9g ellen\u00e1ll\u00f3bb az id\u0151j\u00e1r\u00e1s viszontags\u00e1gaival szemben.<\/p>\n<p>A R\u00f3mai Protector tet\u0151cser\u00e9p l\u00e1gy, hull\u00e1mos, \u00e9s sima fel\u00fclete, lekerek\u00edtett form\u00e1ja eleg\u00e1ns megjelen\u00e9st ad az \u00e9p\u00fcletnek. Az alapcser\u00e9p mell\u00e9 opcion\u00e1lis term\u00e9kek, idomcserepek (szell\u0151z\u0151cser\u00e9p, f\u00e9lcser\u00e9p, szeg\u00e9lycser\u00e9p, k\u00fapcser\u00e9p, eloszt\u00f3 k\u00fapcser\u00e9p, kezd\u0151 k\u00fapcser\u00e9p) k\u00f6z\u00fcl v\u00e1laszthat, amelyek \u00e1rair\u00f3l az aj\u00e1nlatk\u00e9r\u00e9s lead\u00e1s\u00e1t k\u00f6vet\u0151en munkat\u00e1rsunk emailben t\u00e1j\u00e9koztatja \u00d6nt.<\/p>\n","protected":false},"featured_media":24273,"template":"","meta":[],"product_brand":[],"product_cat":[355,6654,6659],"product_tag":[6586],"class_list":{"0":"post-6745","1":"product","2":"type-product","3":"status-publish","4":"has-post-thumbnail","6":"product_cat-tetofedes","7":"product_cat-beton-cserep","8":"product_cat-bramac-beton-alapcserep","9":"product_tag-bramac","11":"first","12":"instock","13":"taxable","14":"shipping-taxable","15":"purchasable","16":"product-type-simple"},"aioseo_notices":[],"_links":{"self":[{"href":"https:\/\/www.bau-styl.hu\/epitoanyag\/wp-json\/wp\/v2\/product\/6745","targetHints":{"allow":["GET"]}}],"collection":[{"href":"https:\/\/www.bau-styl.hu\/epitoanyag\/wp-json\/wp\/v2\/product"}],"about":[{"href":"https:\/\/www.bau-styl.hu\/epitoanyag\/wp-json\/wp\/v2\/types\/product"}],"wp:featuredmedia":[{"embeddable":true,"href":"https:\/\/www.bau-styl.hu\/epitoanyag\/wp-json\/wp\/v2\/media\/24273"}],"wp:attachment":[{"href":"https:\/\/www.bau-styl.hu\/epitoanyag\/wp-json\/wp\/v2\/media?parent=6745"}],"wp:term":[{"taxonomy":"product_brand","embeddable":true,"href":"https:\/\/www.bau-styl.hu\/epitoanyag\/wp-json\/wp\/v2\/product_brand?post=6745"},{"taxonomy":"product_cat","embeddable":true,"href":"https:\/\/www.bau-styl.hu\/epitoanyag\/wp-json\/wp\/v2\/product_cat?post=6745"},{"taxonomy":"product_tag","embeddable":true,"href":"https:\/\/www.bau-styl.hu\/epitoanyag\/wp-json\/wp\/v2\/product_tag?post=6745"}],"curies":[{"name":"wp","href":"https:\/\/api.w.org\/{rel}","templated":true}]}}