{"id":7091,"date":"2019-10-25T15:35:33","date_gmt":"2019-10-25T15:35:33","guid":{"rendered":"https:\/\/www.bau-styl.hu\/epitoanyag\/termek\/mapei-adesilex-p9-express-keramiaburkolat-ragaszto-gyorskoto-c2te-szurke-25-kg\/"},"modified":"2026-04-12T13:13:00","modified_gmt":"2026-04-12T11:13:00","slug":"mapei-adesilex-p9-express-keramiaburkolat-ragaszto-gyorskoto-c2te-szurke-25-kg","status":"publish","type":"product","link":"https:\/\/www.bau-styl.hu\/epitoanyag\/termek\/mapei-adesilex-p9-express-keramiaburkolat-ragaszto-gyorskoto-c2te-szurke-25-kg\/","title":{"rendered":"Mapei Adesilex P9 Express Ker\u00e1miaburkolat ragaszt\u00f3 gyorsk\u00f6t\u0151 C2TE sz\u00fcrke 25 kg"},"content":{"rendered":"","protected":false},"excerpt":{"rendered":"<p>Fokozott terhelhet\u0151s\u00e9g\u0171, gyorsk\u00f6t\u00e9s\u0171, cementk\u00f6t\u00e9s\u0171 ragaszt\u00f3habarcs a ker\u00e1mia burkol\u00f3lapokhoz. Ker\u00e1mia mozaik- \u00e9s burkol\u00f3lap, term\u00e9szetes k\u0151lapok bel- \u00e9s k\u00fclt\u00e9ri ragaszt\u00e1sa b\u00e1rmilyen szabv\u00e1nyos aljzatra (falra, padl\u00f3ra, mennyezetre). Az aljzat legyen sima, teherb\u00edr\u00f3, szil\u00e1rd, sz\u00e1raz, laza r\u00e9szekt\u0151l, olajt\u00f3l, zs\u00edrt\u00f3l, viaszt\u00f3l, port\u00f3l, mentes. &#8211;<\/p>\n","protected":false},"featured_media":34937,"template":"","meta":[],"product_brand":[],"product_cat":[129,6632,2831,2832,4050],"product_tag":[6593],"class_list":{"0":"post-7091","1":"product","2":"type-product","3":"status-publish","4":"has-post-thumbnail","6":"product_cat-hidegburkolas","7":"product_cat-ragasztastechnika","8":"product_cat-zsakos-termek","9":"product_cat-csemperagaszto-zsakos-aru-por-termek","10":"product_cat-mapei-csemperagaszto-zsakos-aru-por-termek","11":"product_tag-mapei","13":"first","14":"instock","15":"taxable","16":"shipping-taxable","17":"purchasable","18":"product-type-simple"},"aioseo_notices":[],"_links":{"self":[{"href":"https:\/\/www.bau-styl.hu\/epitoanyag\/wp-json\/wp\/v2\/product\/7091","targetHints":{"allow":["GET"]}}],"collection":[{"href":"https:\/\/www.bau-styl.hu\/epitoanyag\/wp-json\/wp\/v2\/product"}],"about":[{"href":"https:\/\/www.bau-styl.hu\/epitoanyag\/wp-json\/wp\/v2\/types\/product"}],"wp:featuredmedia":[{"embeddable":true,"href":"https:\/\/www.bau-styl.hu\/epitoanyag\/wp-json\/wp\/v2\/media\/34937"}],"wp:attachment":[{"href":"https:\/\/www.bau-styl.hu\/epitoanyag\/wp-json\/wp\/v2\/media?parent=7091"}],"wp:term":[{"taxonomy":"product_brand","embeddable":true,"href":"https:\/\/www.bau-styl.hu\/epitoanyag\/wp-json\/wp\/v2\/product_brand?post=7091"},{"taxonomy":"product_cat","embeddable":true,"href":"https:\/\/www.bau-styl.hu\/epitoanyag\/wp-json\/wp\/v2\/product_cat?post=7091"},{"taxonomy":"product_tag","embeddable":true,"href":"https:\/\/www.bau-styl.hu\/epitoanyag\/wp-json\/wp\/v2\/product_tag?post=7091"}],"curies":[{"name":"wp","href":"https:\/\/api.w.org\/{rel}","templated":true}]}}