{"id":7093,"date":"2019-10-25T15:35:35","date_gmt":"2019-10-25T13:35:35","guid":{"rendered":"https:\/\/www.bau-styl.hu\/epitoanyag\/termek\/mapei-keraflex-extra-s1-keramiaburkolat-ragaszto-szurke-25-kg\/"},"modified":"2026-04-12T13:23:45","modified_gmt":"2026-04-12T11:23:45","slug":"mapei-keraflex-extra-s1-zero-keramiaburkolat-ragaszto-szurke-25-kg","status":"publish","type":"product","link":"https:\/\/www.bau-styl.hu\/epitoanyag\/termek\/mapei-keraflex-extra-s1-zero-keramiaburkolat-ragaszto-szurke-25-kg\/","title":{"rendered":"Mapei Keraflex Extra S1 Zero Ker\u00e1miaburkolat ragaszt\u00f3 sz\u00fcrke 25 kg"},"content":{"rendered":"","protected":false},"excerpt":{"rendered":"<p>Fokozott terhelhet\u0151s\u00e9g\u0171 cementk\u00f6t\u00e9s\u0171 ragaszt\u00f3, ker\u00e1mia \u00e9s term\u00e9szetes k\u0151 anyag\u00fa burkol\u00f3lapokhoz. B\u00e1rmilyen m\u00e9ret\u0171 vagy t\u00edpus\u00fa ker\u00e1mia (m\u00e1zas burkol\u00f3lapok, \u00e9getett agyag burkol\u00f3lapok, porcel\u00e1n burkol\u00f3lapok) \u00e9s term\u00e9szetes k\u0151 (felt\u00e9ve, hogy nem \u00e9rz\u00e9keny a nedvess\u00e9gre) belt\u00e9ri \u00e9s k\u00fclt\u00e9ri ragaszt\u00e1s\u00e1hoz.<\/p>\n","protected":false},"featured_media":44116,"template":"","meta":[],"product_brand":[],"product_cat":[129,6632,2831,2832,4050],"product_tag":[6593],"class_list":{"0":"post-7093","1":"product","2":"type-product","3":"status-publish","4":"has-post-thumbnail","6":"product_cat-hidegburkolas","7":"product_cat-ragasztastechnika","8":"product_cat-zsakos-termek","9":"product_cat-csemperagaszto-zsakos-aru-por-termek","10":"product_cat-mapei-csemperagaszto-zsakos-aru-por-termek","11":"product_tag-mapei","13":"first","14":"instock","15":"taxable","16":"shipping-taxable","17":"purchasable","18":"product-type-simple"},"aioseo_notices":[],"_links":{"self":[{"href":"https:\/\/www.bau-styl.hu\/epitoanyag\/wp-json\/wp\/v2\/product\/7093","targetHints":{"allow":["GET"]}}],"collection":[{"href":"https:\/\/www.bau-styl.hu\/epitoanyag\/wp-json\/wp\/v2\/product"}],"about":[{"href":"https:\/\/www.bau-styl.hu\/epitoanyag\/wp-json\/wp\/v2\/types\/product"}],"wp:featuredmedia":[{"embeddable":true,"href":"https:\/\/www.bau-styl.hu\/epitoanyag\/wp-json\/wp\/v2\/media\/44116"}],"wp:attachment":[{"href":"https:\/\/www.bau-styl.hu\/epitoanyag\/wp-json\/wp\/v2\/media?parent=7093"}],"wp:term":[{"taxonomy":"product_brand","embeddable":true,"href":"https:\/\/www.bau-styl.hu\/epitoanyag\/wp-json\/wp\/v2\/product_brand?post=7093"},{"taxonomy":"product_cat","embeddable":true,"href":"https:\/\/www.bau-styl.hu\/epitoanyag\/wp-json\/wp\/v2\/product_cat?post=7093"},{"taxonomy":"product_tag","embeddable":true,"href":"https:\/\/www.bau-styl.hu\/epitoanyag\/wp-json\/wp\/v2\/product_tag?post=7093"}],"curies":[{"name":"wp","href":"https:\/\/api.w.org\/{rel}","templated":true}]}}