{"id":7095,"date":"2019-10-25T15:35:37","date_gmt":"2019-10-25T15:35:37","guid":{"rendered":"https:\/\/www.bau-styl.hu\/epitoanyag\/termek\/mapei-keraflex-maxi-s1-keramiaburkolat-ragaszto-c2te-szurke-25-kg\/"},"modified":"2026-04-12T13:23:31","modified_gmt":"2026-04-12T11:23:31","slug":"mapei-keraflex-maxi-s1-zero-keramiaburkolat-ragasztohabarcs-c2tes1-szurke-25-kg","status":"publish","type":"product","link":"https:\/\/www.bau-styl.hu\/epitoanyag\/termek\/mapei-keraflex-maxi-s1-zero-keramiaburkolat-ragasztohabarcs-c2tes1-szurke-25-kg\/","title":{"rendered":"Mapei Keraflex Maxi S1 Zero Ker\u00e1miaburkolat ragaszt\u00f3habarcs (C2TES1) sz\u00fcrke 25 kg"},"content":{"rendered":"","protected":false},"excerpt":{"rendered":"<p>Fokozott terhelhet\u0151s\u00e9g\u0171, cementk\u00f6t\u00e9s\u0171 ragaszt\u00f3habarcs ker\u00e1mia burkol\u00f3lapokhoz. K\u00fcl\u00f6n\u00f6sen alkalmas nagym\u00e9ret\u0171 porcel\u00e1n burkol\u00f3lapok \u00e9s term\u00e9szetes k\u0151lapok ragaszt\u00e1s\u00e1ra. B\u00e1rmilyen ker\u00e1mia burkol\u00f3lap, ker\u00e1miamozaik \u00e9s (nedvess\u00e9gre nem \u00e9rz\u00e9keny) k\u0151lap ragaszt\u00e1sa bel- \u00e9s k\u00fclt\u00e9ri padl\u00f3n.<\/p>\n","protected":false},"featured_media":44118,"template":"","meta":[],"product_brand":[],"product_cat":[129,6632,2831,2832,4050],"product_tag":[6593],"class_list":{"0":"post-7095","1":"product","2":"type-product","3":"status-publish","4":"has-post-thumbnail","6":"product_cat-hidegburkolas","7":"product_cat-ragasztastechnika","8":"product_cat-zsakos-termek","9":"product_cat-csemperagaszto-zsakos-aru-por-termek","10":"product_cat-mapei-csemperagaszto-zsakos-aru-por-termek","11":"product_tag-mapei","13":"first","14":"instock","15":"taxable","16":"shipping-taxable","17":"purchasable","18":"product-type-simple"},"aioseo_notices":[],"_links":{"self":[{"href":"https:\/\/www.bau-styl.hu\/epitoanyag\/wp-json\/wp\/v2\/product\/7095","targetHints":{"allow":["GET"]}}],"collection":[{"href":"https:\/\/www.bau-styl.hu\/epitoanyag\/wp-json\/wp\/v2\/product"}],"about":[{"href":"https:\/\/www.bau-styl.hu\/epitoanyag\/wp-json\/wp\/v2\/types\/product"}],"wp:featuredmedia":[{"embeddable":true,"href":"https:\/\/www.bau-styl.hu\/epitoanyag\/wp-json\/wp\/v2\/media\/44118"}],"wp:attachment":[{"href":"https:\/\/www.bau-styl.hu\/epitoanyag\/wp-json\/wp\/v2\/media?parent=7095"}],"wp:term":[{"taxonomy":"product_brand","embeddable":true,"href":"https:\/\/www.bau-styl.hu\/epitoanyag\/wp-json\/wp\/v2\/product_brand?post=7095"},{"taxonomy":"product_cat","embeddable":true,"href":"https:\/\/www.bau-styl.hu\/epitoanyag\/wp-json\/wp\/v2\/product_cat?post=7095"},{"taxonomy":"product_tag","embeddable":true,"href":"https:\/\/www.bau-styl.hu\/epitoanyag\/wp-json\/wp\/v2\/product_tag?post=7095"}],"curies":[{"name":"wp","href":"https:\/\/api.w.org\/{rel}","templated":true}]}}