{"id":7099,"date":"2019-10-25T15:35:39","date_gmt":"2019-10-25T15:35:39","guid":{"rendered":"https:\/\/www.bau-styl.hu\/epitoanyag\/termek\/mapei-ultraplan-onterulo-aljzatkiegyenlito-1-10-mm-23-kg\/"},"modified":"2026-04-12T13:13:24","modified_gmt":"2026-04-12T11:13:24","slug":"mapei-ultraplan-onterulo-aljzatkiegyenlito-1-10-mm-23-kg","status":"publish","type":"product","link":"https:\/\/www.bau-styl.hu\/epitoanyag\/termek\/mapei-ultraplan-onterulo-aljzatkiegyenlito-1-10-mm-23-kg\/","title":{"rendered":"Mapei Ultraplan \u00d6nter\u00fcl\u0151 aljzatkiegyenl\u00edt\u0151 1-10 mm 23 kg"},"content":{"rendered":"","protected":false},"excerpt":{"rendered":"<p>Gyorssz\u00e1rad\u00e1s\u00fa, gyorsk\u00f6t\u00e9s\u0171 \u00f6nter\u00fcl\u0151 aljzatkiegyenl\u00edt\u0151 sim\u00edt\u00f3habarcs, \u00faj \u00e9s megl\u00e9v\u0151 belt\u00e9ri aljzatok 1-10 mm vastags\u00e1g\u00fa kiegyenl\u00edt\u00e9s\u00e9re \u00e9s szintk\u00fcl\u00f6nbs\u00e9geinek megsz\u00fcntet\u00e9s\u00e9re. Csak belt\u00e9rben haszn\u00e1lhat\u00f3 .<\/p>\n","protected":false},"featured_media":2301,"template":"","meta":[],"product_brand":[],"product_cat":[129,6631,2831,4066,4067],"product_tag":[6593],"class_list":{"0":"post-7099","1":"product","2":"type-product","3":"status-publish","4":"has-post-thumbnail","6":"product_cat-hidegburkolas","7":"product_cat-aljzatkiegyenlito","8":"product_cat-zsakos-termek","9":"product_cat-aljzatkiegyenlito-zsakos-aru-por-termek","10":"product_cat-mapei-aljzatkiegyenlito-zsakos-aru-por-termek","11":"product_tag-mapei","13":"first","14":"instock","15":"taxable","16":"shipping-taxable","17":"purchasable","18":"product-type-simple"},"aioseo_notices":[],"_links":{"self":[{"href":"https:\/\/www.bau-styl.hu\/epitoanyag\/wp-json\/wp\/v2\/product\/7099","targetHints":{"allow":["GET"]}}],"collection":[{"href":"https:\/\/www.bau-styl.hu\/epitoanyag\/wp-json\/wp\/v2\/product"}],"about":[{"href":"https:\/\/www.bau-styl.hu\/epitoanyag\/wp-json\/wp\/v2\/types\/product"}],"wp:featuredmedia":[{"embeddable":true,"href":"https:\/\/www.bau-styl.hu\/epitoanyag\/wp-json\/wp\/v2\/media\/2301"}],"wp:attachment":[{"href":"https:\/\/www.bau-styl.hu\/epitoanyag\/wp-json\/wp\/v2\/media?parent=7099"}],"wp:term":[{"taxonomy":"product_brand","embeddable":true,"href":"https:\/\/www.bau-styl.hu\/epitoanyag\/wp-json\/wp\/v2\/product_brand?post=7099"},{"taxonomy":"product_cat","embeddable":true,"href":"https:\/\/www.bau-styl.hu\/epitoanyag\/wp-json\/wp\/v2\/product_cat?post=7099"},{"taxonomy":"product_tag","embeddable":true,"href":"https:\/\/www.bau-styl.hu\/epitoanyag\/wp-json\/wp\/v2\/product_tag?post=7099"}],"curies":[{"name":"wp","href":"https:\/\/api.w.org\/{rel}","templated":true}]}}