{"id":7107,"date":"2019-10-25T15:35:43","date_gmt":"2019-10-25T15:35:43","guid":{"rendered":"https:\/\/www.bau-styl.hu\/epitoanyag\/termek\/mapei-mapeflex-pu-40-hezagkitolto-festheto-112-kozepszurke-600-ml\/"},"modified":"2026-04-20T12:13:13","modified_gmt":"2026-04-20T10:13:13","slug":"mapei-mapeflex-pu-40-hezagkitolto-festheto-112-kozepszurke-600-ml","status":"publish","type":"product","link":"https:\/\/www.bau-styl.hu\/epitoanyag\/termek\/mapei-mapeflex-pu-40-hezagkitolto-festheto-112-kozepszurke-600-ml\/","title":{"rendered":"Mapei Mapeflex PU 40 h\u00e9zagkit\u00f6lt\u0151 festhet\u0151 112 k\u00f6z\u00e9psz\u00fcrke 600 ml"},"content":{"rendered":"","protected":false},"excerpt":{"rendered":"<p>Alacsony rugalmass\u00e1g\u00fa, poliuret\u00e1n h\u00e9zagkit\u00f6lt\u0151-anyag.  Felhaszn\u00e1l\u00e1sra k\u00e9sz, egykomponens\u0171 anyag. J\u00f3l tapad minden nedvsz\u00edv\u00f3 fel\u00fcletre, f\u00e9m illetve festett fel\u00fcletekre, t\u00e9gl\u00e1ra \u00e9s \u00fcvegre, faanyagra, k\u0151lapra.<\/p>\n","protected":false},"featured_media":2252,"template":"","meta":[],"product_brand":[11291],"product_cat":[11238,261],"product_tag":[],"class_list":{"0":"post-7107","1":"product","2":"type-product","3":"status-publish","4":"has-post-thumbnail","6":"product_brand-mapei","7":"product_cat-kotoanyag-szilikon","8":"product_cat-barkacs-szerszam-es-munkavedelem","10":"first","11":"instock","12":"taxable","13":"shipping-taxable","14":"purchasable","15":"product-type-simple"},"aioseo_notices":[],"_links":{"self":[{"href":"https:\/\/www.bau-styl.hu\/epitoanyag\/wp-json\/wp\/v2\/product\/7107","targetHints":{"allow":["GET"]}}],"collection":[{"href":"https:\/\/www.bau-styl.hu\/epitoanyag\/wp-json\/wp\/v2\/product"}],"about":[{"href":"https:\/\/www.bau-styl.hu\/epitoanyag\/wp-json\/wp\/v2\/types\/product"}],"wp:featuredmedia":[{"embeddable":true,"href":"https:\/\/www.bau-styl.hu\/epitoanyag\/wp-json\/wp\/v2\/media\/2252"}],"wp:attachment":[{"href":"https:\/\/www.bau-styl.hu\/epitoanyag\/wp-json\/wp\/v2\/media?parent=7107"}],"wp:term":[{"taxonomy":"product_brand","embeddable":true,"href":"https:\/\/www.bau-styl.hu\/epitoanyag\/wp-json\/wp\/v2\/product_brand?post=7107"},{"taxonomy":"product_cat","embeddable":true,"href":"https:\/\/www.bau-styl.hu\/epitoanyag\/wp-json\/wp\/v2\/product_cat?post=7107"},{"taxonomy":"product_tag","embeddable":true,"href":"https:\/\/www.bau-styl.hu\/epitoanyag\/wp-json\/wp\/v2\/product_tag?post=7107"}],"curies":[{"name":"wp","href":"https:\/\/api.w.org\/{rel}","templated":true}]}}