{"id":7108,"date":"2019-10-25T15:35:44","date_gmt":"2019-10-25T15:35:44","guid":{"rendered":"https:\/\/www.bau-styl.hu\/epitoanyag\/termek\/mapei-mapeglitter-szinezett-csillam-silver-01-kg\/"},"modified":"2026-04-12T13:13:10","modified_gmt":"2026-04-12T11:13:10","slug":"mapei-mapeglitter-szinezett-csillam-silver-01-kg","status":"publish","type":"product","link":"https:\/\/www.bau-styl.hu\/epitoanyag\/termek\/mapei-mapeglitter-szinezett-csillam-silver-01-kg\/","title":{"rendered":"Mapei Mapeglitter Sz\u00ednezett csill\u00e1m silver 0,1 kg"},"content":{"rendered":"","protected":false},"excerpt":{"rendered":"<p>Met\u00e1lf\u00e9ny\u0171 sz\u00ednes csill\u00e1m. A Kerapoxy Design-hoz, legfeljebb 10% -ban adagolhat\u00f3 MapeGlitter, amelyik k\u00fcl\u00f6n\u00f6sen alkalmas f\u00e9mlapok valamint \u00fcvegmozaikok \u00e9s \u00fcveglapok fug\u00e1z\u00e1s\u00e1hoz.<\/p>\n","protected":false},"featured_media":31430,"template":"","meta":[],"product_brand":[],"product_cat":[129,130],"product_tag":[6593],"class_list":{"0":"post-7108","1":"product","2":"type-product","3":"status-publish","4":"has-post-thumbnail","6":"product_cat-hidegburkolas","7":"product_cat-fugazo-es-szilikon","8":"product_tag-mapei","10":"first","11":"instock","12":"taxable","13":"shipping-taxable","14":"purchasable","15":"product-type-simple"},"aioseo_notices":[],"_links":{"self":[{"href":"https:\/\/www.bau-styl.hu\/epitoanyag\/wp-json\/wp\/v2\/product\/7108","targetHints":{"allow":["GET"]}}],"collection":[{"href":"https:\/\/www.bau-styl.hu\/epitoanyag\/wp-json\/wp\/v2\/product"}],"about":[{"href":"https:\/\/www.bau-styl.hu\/epitoanyag\/wp-json\/wp\/v2\/types\/product"}],"wp:featuredmedia":[{"embeddable":true,"href":"https:\/\/www.bau-styl.hu\/epitoanyag\/wp-json\/wp\/v2\/media\/31430"}],"wp:attachment":[{"href":"https:\/\/www.bau-styl.hu\/epitoanyag\/wp-json\/wp\/v2\/media?parent=7108"}],"wp:term":[{"taxonomy":"product_brand","embeddable":true,"href":"https:\/\/www.bau-styl.hu\/epitoanyag\/wp-json\/wp\/v2\/product_brand?post=7108"},{"taxonomy":"product_cat","embeddable":true,"href":"https:\/\/www.bau-styl.hu\/epitoanyag\/wp-json\/wp\/v2\/product_cat?post=7108"},{"taxonomy":"product_tag","embeddable":true,"href":"https:\/\/www.bau-styl.hu\/epitoanyag\/wp-json\/wp\/v2\/product_tag?post=7108"}],"curies":[{"name":"wp","href":"https:\/\/api.w.org\/{rel}","templated":true}]}}