{"id":7109,"date":"2019-10-25T15:35:45","date_gmt":"2019-10-25T15:35:45","guid":{"rendered":"https:\/\/www.bau-styl.hu\/epitoanyag\/termek\/mapei-mapegum-wps-kenheto-vizszigetelo-10-kg\/"},"modified":"2026-04-20T12:13:22","modified_gmt":"2026-04-20T10:13:22","slug":"mapei-mapegum-wps-kenheto-vizszigetelo-10-kg","status":"publish","type":"product","link":"https:\/\/www.bau-styl.hu\/epitoanyag\/termek\/mapei-mapegum-wps-kenheto-vizszigetelo-10-kg\/","title":{"rendered":"Mapei Mapegum WPS Kenhet\u0151 v\u00edzszigetel\u0151 10 kg"},"content":{"rendered":"","protected":false},"excerpt":{"rendered":"<p>Gyorssz\u00e1rad\u00e1s\u00fa, rugalmas, kenhet\u0151, belt\u00e9ri v\u00edzszigetel\u0151 anyag. Kenhet\u0151 v\u00edzszigetel\u00e9s v\u00edznyom\u00e1snak \u00e9s \u00e1lland\u00f3 v\u00edzhat\u00e1snak nem kitett belt\u00e9ri fel\u00fcletekre, gipsz vagy cementk\u00f6t\u00e9s\u0171 vakolatok, fa, p\u00f3rusbeton illetve megl\u00e9v\u0151 ker\u00e1mia burkol\u00f3lapok, gipszkarton falak. Zuhanyz\u00f3, f\u00fcrd\u0151szoba falakhoz \u00e9s padl\u00f3khoz.<\/p>\n","protected":false},"featured_media":2254,"template":"","meta":[],"product_brand":[11291],"product_cat":[129,4078,458,6649],"product_tag":[],"class_list":{"0":"post-7109","1":"product","2":"type-product","3":"status-publish","4":"has-post-thumbnail","6":"product_brand-mapei","7":"product_cat-hidegburkolas","8":"product_cat-kenheto-szigeteles-hidegburkolas","9":"product_cat-vizszigeteles","10":"product_cat-kenheto-szigeteles","12":"first","13":"instock","14":"taxable","15":"shipping-taxable","16":"purchasable","17":"product-type-simple"},"aioseo_notices":[],"_links":{"self":[{"href":"https:\/\/www.bau-styl.hu\/epitoanyag\/wp-json\/wp\/v2\/product\/7109","targetHints":{"allow":["GET"]}}],"collection":[{"href":"https:\/\/www.bau-styl.hu\/epitoanyag\/wp-json\/wp\/v2\/product"}],"about":[{"href":"https:\/\/www.bau-styl.hu\/epitoanyag\/wp-json\/wp\/v2\/types\/product"}],"wp:featuredmedia":[{"embeddable":true,"href":"https:\/\/www.bau-styl.hu\/epitoanyag\/wp-json\/wp\/v2\/media\/2254"}],"wp:attachment":[{"href":"https:\/\/www.bau-styl.hu\/epitoanyag\/wp-json\/wp\/v2\/media?parent=7109"}],"wp:term":[{"taxonomy":"product_brand","embeddable":true,"href":"https:\/\/www.bau-styl.hu\/epitoanyag\/wp-json\/wp\/v2\/product_brand?post=7109"},{"taxonomy":"product_cat","embeddable":true,"href":"https:\/\/www.bau-styl.hu\/epitoanyag\/wp-json\/wp\/v2\/product_cat?post=7109"},{"taxonomy":"product_tag","embeddable":true,"href":"https:\/\/www.bau-styl.hu\/epitoanyag\/wp-json\/wp\/v2\/product_tag?post=7109"}],"curies":[{"name":"wp","href":"https:\/\/api.w.org\/{rel}","templated":true}]}}