{"id":7115,"date":"2019-10-25T15:35:48","date_gmt":"2019-10-25T15:35:48","guid":{"rendered":"https:\/\/www.bau-styl.hu\/epitoanyag\/termek\/mapei-mapelastic-b-komp-kenheto-vizszigetelo-8-kg\/"},"modified":"2026-04-12T13:23:33","modified_gmt":"2026-04-12T11:23:33","slug":"mapei-mapelastic-zero-b-komponens-kenheto-vizszigetelo-8-kg","status":"publish","type":"product","link":"https:\/\/www.bau-styl.hu\/epitoanyag\/termek\/mapei-mapelastic-zero-b-komponens-kenheto-vizszigetelo-8-kg\/","title":{"rendered":"Mapei Mapelastic Zero B komponens kenhet\u0151 v\u00edzszigetel\u0151 8 kg"},"content":{"rendered":"","protected":false},"excerpt":{"rendered":"<p>K\u00e9tkomponens\u0171 rugalmas cementk\u00f6t\u00e9s\u0171 habarcs betonok, \u00fasz\u00f3medenc\u00e9k \u00e9s erk\u00e9lyek v\u00edzszigetel\u00e9s\u00e9re. Az aljzatok megl\u00e9v\u0151 hajsz\u00e1lreped\u00e9seit \u00e1thidalja. A Mapelastic felhordhat\u00f3 2 mm vastag r\u00e9tegben.<\/p>\n","protected":false},"featured_media":44124,"template":"","meta":[],"product_brand":[],"product_cat":[129,4078,458,6649],"product_tag":[6593,8566],"class_list":{"0":"post-7115","1":"product","2":"type-product","3":"status-publish","4":"has-post-thumbnail","6":"product_cat-hidegburkolas","7":"product_cat-kenheto-szigeteles-hidegburkolas","8":"product_cat-vizszigeteles","9":"product_cat-kenheto-szigeteles","10":"product_tag-mapei","11":"product_tag-mapei-vizszigeteles","13":"first","14":"instock","15":"taxable","16":"shipping-taxable","17":"purchasable","18":"product-type-simple"},"aioseo_notices":[],"_links":{"self":[{"href":"https:\/\/www.bau-styl.hu\/epitoanyag\/wp-json\/wp\/v2\/product\/7115","targetHints":{"allow":["GET"]}}],"collection":[{"href":"https:\/\/www.bau-styl.hu\/epitoanyag\/wp-json\/wp\/v2\/product"}],"about":[{"href":"https:\/\/www.bau-styl.hu\/epitoanyag\/wp-json\/wp\/v2\/types\/product"}],"wp:featuredmedia":[{"embeddable":true,"href":"https:\/\/www.bau-styl.hu\/epitoanyag\/wp-json\/wp\/v2\/media\/44124"}],"wp:attachment":[{"href":"https:\/\/www.bau-styl.hu\/epitoanyag\/wp-json\/wp\/v2\/media?parent=7115"}],"wp:term":[{"taxonomy":"product_brand","embeddable":true,"href":"https:\/\/www.bau-styl.hu\/epitoanyag\/wp-json\/wp\/v2\/product_brand?post=7115"},{"taxonomy":"product_cat","embeddable":true,"href":"https:\/\/www.bau-styl.hu\/epitoanyag\/wp-json\/wp\/v2\/product_cat?post=7115"},{"taxonomy":"product_tag","embeddable":true,"href":"https:\/\/www.bau-styl.hu\/epitoanyag\/wp-json\/wp\/v2\/product_tag?post=7115"}],"curies":[{"name":"wp","href":"https:\/\/api.w.org\/{rel}","templated":true}]}}