{"id":7146,"date":"2019-10-25T15:36:06","date_gmt":"2019-10-25T15:36:06","guid":{"rendered":"https:\/\/www.bau-styl.hu\/epitoanyag\/termek\/mapei-mapesil-gp-neutralis-szaniter-szilikon-transzparent-280-ml\/"},"modified":"2026-04-20T12:13:13","modified_gmt":"2026-04-20T10:13:13","slug":"mapei-mapesil-gp-neutralis-szaniter-szilikon-transzparent-280-ml","status":"publish","type":"product","link":"https:\/\/www.bau-styl.hu\/epitoanyag\/termek\/mapei-mapesil-gp-neutralis-szaniter-szilikon-transzparent-280-ml\/","title":{"rendered":"Mapei Mapesil GP Neutr\u00e1lis szaniter szilikon Transzparent 280 ml"},"content":{"rendered":"","protected":false},"excerpt":{"rendered":"<p>Ragaszt\u00e1sra \u00e9s t\u00f6m\u00edt\u00e9sre is alkalmazhat\u00f3 neutr\u00e1lis szaniter szilikon, mindenf\u00e9le \u00e9p\u00edt\u0151ipari fel\u00fcletre.<\/p>\n","protected":false},"featured_media":2286,"template":"","meta":[],"product_brand":[11291],"product_cat":[11238,261],"product_tag":[],"class_list":{"0":"post-7146","1":"product","2":"type-product","3":"status-publish","4":"has-post-thumbnail","6":"product_brand-mapei","7":"product_cat-kotoanyag-szilikon","8":"product_cat-barkacs-szerszam-es-munkavedelem","10":"first","11":"instock","12":"taxable","13":"shipping-taxable","14":"purchasable","15":"product-type-simple"},"aioseo_notices":[],"_links":{"self":[{"href":"https:\/\/www.bau-styl.hu\/epitoanyag\/wp-json\/wp\/v2\/product\/7146","targetHints":{"allow":["GET"]}}],"collection":[{"href":"https:\/\/www.bau-styl.hu\/epitoanyag\/wp-json\/wp\/v2\/product"}],"about":[{"href":"https:\/\/www.bau-styl.hu\/epitoanyag\/wp-json\/wp\/v2\/types\/product"}],"wp:featuredmedia":[{"embeddable":true,"href":"https:\/\/www.bau-styl.hu\/epitoanyag\/wp-json\/wp\/v2\/media\/2286"}],"wp:attachment":[{"href":"https:\/\/www.bau-styl.hu\/epitoanyag\/wp-json\/wp\/v2\/media?parent=7146"}],"wp:term":[{"taxonomy":"product_brand","embeddable":true,"href":"https:\/\/www.bau-styl.hu\/epitoanyag\/wp-json\/wp\/v2\/product_brand?post=7146"},{"taxonomy":"product_cat","embeddable":true,"href":"https:\/\/www.bau-styl.hu\/epitoanyag\/wp-json\/wp\/v2\/product_cat?post=7146"},{"taxonomy":"product_tag","embeddable":true,"href":"https:\/\/www.bau-styl.hu\/epitoanyag\/wp-json\/wp\/v2\/product_tag?post=7146"}],"curies":[{"name":"wp","href":"https:\/\/api.w.org\/{rel}","templated":true}]}}