{"id":7154,"date":"2019-10-25T15:36:11","date_gmt":"2019-10-25T15:36:11","guid":{"rendered":"https:\/\/www.bau-styl.hu\/epitoanyag\/termek\/mapei-primer-m-1k-alapozo-pu-tomitohoz-025-kg\/"},"modified":"2025-04-23T13:04:24","modified_gmt":"2025-04-23T11:04:24","slug":"mapei-primer-m-1k-alapozo-pu-tomitohoz-025-kg","status":"publish","type":"product","link":"https:\/\/www.bau-styl.hu\/epitoanyag\/termek\/mapei-primer-m-1k-alapozo-pu-tomitohoz-025-kg\/","title":{"rendered":"Mapei Primer M 1K alapoz\u00f3 PU t\u00f6m\u00edt\u0151h\u00f6z 0,25 kg"},"content":{"rendered":"","protected":false},"excerpt":{"rendered":"","protected":false},"featured_media":31432,"template":"","meta":[],"product_brand":[],"product_cat":[129,4072],"product_tag":[6593],"class_list":{"0":"post-7154","1":"product","2":"type-product","3":"status-publish","4":"has-post-thumbnail","6":"product_cat-hidegburkolas","7":"product_cat-alapozo-hidegburkolas","8":"product_tag-mapei","10":"first","11":"instock","12":"taxable","13":"shipping-taxable","14":"purchasable","15":"product-type-simple"},"aioseo_notices":[],"_links":{"self":[{"href":"https:\/\/www.bau-styl.hu\/epitoanyag\/wp-json\/wp\/v2\/product\/7154","targetHints":{"allow":["GET"]}}],"collection":[{"href":"https:\/\/www.bau-styl.hu\/epitoanyag\/wp-json\/wp\/v2\/product"}],"about":[{"href":"https:\/\/www.bau-styl.hu\/epitoanyag\/wp-json\/wp\/v2\/types\/product"}],"wp:featuredmedia":[{"embeddable":true,"href":"https:\/\/www.bau-styl.hu\/epitoanyag\/wp-json\/wp\/v2\/media\/31432"}],"wp:attachment":[{"href":"https:\/\/www.bau-styl.hu\/epitoanyag\/wp-json\/wp\/v2\/media?parent=7154"}],"wp:term":[{"taxonomy":"product_brand","embeddable":true,"href":"https:\/\/www.bau-styl.hu\/epitoanyag\/wp-json\/wp\/v2\/product_brand?post=7154"},{"taxonomy":"product_cat","embeddable":true,"href":"https:\/\/www.bau-styl.hu\/epitoanyag\/wp-json\/wp\/v2\/product_cat?post=7154"},{"taxonomy":"product_tag","embeddable":true,"href":"https:\/\/www.bau-styl.hu\/epitoanyag\/wp-json\/wp\/v2\/product_tag?post=7154"}],"curies":[{"name":"wp","href":"https:\/\/api.w.org\/{rel}","templated":true}]}}