{"id":7156,"date":"2019-10-25T15:36:13","date_gmt":"2019-10-25T13:36:13","guid":{"rendered":"https:\/\/www.bau-styl.hu\/epitoanyag\/termek\/mapei-ultracolor-plus-fugazo-2-20-mm-119-londonszurke-5-kg\/"},"modified":"2026-04-12T13:13:26","modified_gmt":"2026-04-12T11:13:26","slug":"mapei-ultracolor-plus-fugazo-2-20-mm-119-londonszurke-5-kg","status":"publish","type":"product","link":"https:\/\/www.bau-styl.hu\/epitoanyag\/termek\/mapei-ultracolor-plus-fugazo-2-20-mm-119-londonszurke-5-kg\/","title":{"rendered":"Mapei Ultracolor Plus fug\u00e1z\u00f3 2-20 mm 119 londonsz\u00fcrke 5 kg"},"content":{"rendered":"","protected":false},"excerpt":{"rendered":"<p>Gyorssz\u00e1rad\u00e1s\u00fa, gyorsk\u00f6t\u00e9s\u0171 \u00e9s fokozott terhelhet\u0151s\u00e9g\u0171. B\u00e1rmilyen bel- \u00e9s k\u00fclt\u00e9ri ker\u00e1mia burkolat, k\u0151lap burkolat (m\u00e1rv\u00e1ny, gr\u00e1nit, m\u0171k\u0151, stb.), \u00fcveg- \u00e9s m\u00e1rv\u00e1nymozaik fal- \u00e9s padl\u00f3burkolat fug\u00e1z\u00e1s\u00e1hoz alkalmas.<\/p>\n","protected":false},"featured_media":2300,"template":"","meta":[],"product_brand":[],"product_cat":[129,130],"product_tag":[6593],"class_list":{"0":"post-7156","1":"product","2":"type-product","3":"status-publish","4":"has-post-thumbnail","6":"product_cat-hidegburkolas","7":"product_cat-fugazo-es-szilikon","8":"product_tag-mapei","10":"first","11":"instock","12":"taxable","13":"shipping-taxable","14":"purchasable","15":"product-type-simple"},"aioseo_notices":[],"_links":{"self":[{"href":"https:\/\/www.bau-styl.hu\/epitoanyag\/wp-json\/wp\/v2\/product\/7156","targetHints":{"allow":["GET"]}}],"collection":[{"href":"https:\/\/www.bau-styl.hu\/epitoanyag\/wp-json\/wp\/v2\/product"}],"about":[{"href":"https:\/\/www.bau-styl.hu\/epitoanyag\/wp-json\/wp\/v2\/types\/product"}],"wp:featuredmedia":[{"embeddable":true,"href":"https:\/\/www.bau-styl.hu\/epitoanyag\/wp-json\/wp\/v2\/media\/2300"}],"wp:attachment":[{"href":"https:\/\/www.bau-styl.hu\/epitoanyag\/wp-json\/wp\/v2\/media?parent=7156"}],"wp:term":[{"taxonomy":"product_brand","embeddable":true,"href":"https:\/\/www.bau-styl.hu\/epitoanyag\/wp-json\/wp\/v2\/product_brand?post=7156"},{"taxonomy":"product_cat","embeddable":true,"href":"https:\/\/www.bau-styl.hu\/epitoanyag\/wp-json\/wp\/v2\/product_cat?post=7156"},{"taxonomy":"product_tag","embeddable":true,"href":"https:\/\/www.bau-styl.hu\/epitoanyag\/wp-json\/wp\/v2\/product_tag?post=7156"}],"curies":[{"name":"wp","href":"https:\/\/api.w.org\/{rel}","templated":true}]}}