{"id":7177,"date":"2019-10-25T15:52:10","date_gmt":"2019-10-25T13:52:10","guid":{"rendered":"https:\/\/www.bau-styl.hu\/epitoanyag\/termek\/rockwool-frontrock-max-e-vakolhato-kozetgyapot-lemez-inhomogen-1000x600x80-mm\/"},"modified":"2026-03-06T15:19:55","modified_gmt":"2026-03-06T13:19:55","slug":"rockwool-frontrock-max-e-vakolhato-kozetgyapot-lemez-inhomogen-1000x600x80-mm","status":"publish","type":"product","link":"https:\/\/www.bau-styl.hu\/epitoanyag\/termek\/rockwool-frontrock-max-e-vakolhato-kozetgyapot-lemez-inhomogen-1000x600x80-mm\/","title":{"rendered":"Rockwool Frontrock Super Vakolhat\u00f3 k\u0151zetgyapot lemez inhomog\u00e9n 1000x600x80 mm"},"content":{"rendered":"","protected":false},"excerpt":{"rendered":"<p>K\u00e9tr\u00e9teg\u0171 inhomog\u00e9n k\u0151zetgyapotlemez, amely vakolt homlokzati rendszerekhez haszn\u00e1lhat\u00f3.<\/p>\n","protected":false},"featured_media":11957,"template":"","meta":[],"product_brand":[],"product_cat":[301,4154,4155],"product_tag":[6788],"class_list":{"0":"post-7177","1":"product","2":"type-product","3":"status-publish","4":"has-post-thumbnail","6":"product_cat-ho-es-hangszigeteles","7":"product_cat-asvanygyapot","8":"product_cat-rockwool-uveg-es-kozetgyapot-szigeteles","9":"product_tag-rockwool","11":"first","12":"instock","13":"taxable","14":"shipping-taxable","15":"purchasable","16":"product-type-simple"},"aioseo_notices":[],"_links":{"self":[{"href":"https:\/\/www.bau-styl.hu\/epitoanyag\/wp-json\/wp\/v2\/product\/7177","targetHints":{"allow":["GET"]}}],"collection":[{"href":"https:\/\/www.bau-styl.hu\/epitoanyag\/wp-json\/wp\/v2\/product"}],"about":[{"href":"https:\/\/www.bau-styl.hu\/epitoanyag\/wp-json\/wp\/v2\/types\/product"}],"wp:featuredmedia":[{"embeddable":true,"href":"https:\/\/www.bau-styl.hu\/epitoanyag\/wp-json\/wp\/v2\/media\/11957"}],"wp:attachment":[{"href":"https:\/\/www.bau-styl.hu\/epitoanyag\/wp-json\/wp\/v2\/media?parent=7177"}],"wp:term":[{"taxonomy":"product_brand","embeddable":true,"href":"https:\/\/www.bau-styl.hu\/epitoanyag\/wp-json\/wp\/v2\/product_brand?post=7177"},{"taxonomy":"product_cat","embeddable":true,"href":"https:\/\/www.bau-styl.hu\/epitoanyag\/wp-json\/wp\/v2\/product_cat?post=7177"},{"taxonomy":"product_tag","embeddable":true,"href":"https:\/\/www.bau-styl.hu\/epitoanyag\/wp-json\/wp\/v2\/product_tag?post=7177"}],"curies":[{"name":"wp","href":"https:\/\/api.w.org\/{rel}","templated":true}]}}