{"id":7180,"date":"2019-10-25T15:52:12","date_gmt":"2019-10-25T13:52:12","guid":{"rendered":"https:\/\/www.bau-styl.hu\/epitoanyag\/termek\/rockwool-frontrock-s-vakolhato-kozetgyapot-hoszigetelo-lemez-1000x600x50-mm\/"},"modified":"2026-03-06T15:19:54","modified_gmt":"2026-03-06T13:19:54","slug":"rockwool-frontrock-s-vakolhato-kozetgyapot-hoszigetelo-lemez-1000x600x50-mm","status":"publish","type":"product","link":"https:\/\/www.bau-styl.hu\/epitoanyag\/termek\/rockwool-frontrock-s-vakolhato-kozetgyapot-hoszigetelo-lemez-1000x600x50-mm\/","title":{"rendered":"Rockwool Frontrock S Vakolhat\u00f3 k\u0151zetgyapot h\u0151szigetel\u0151 lemez 1000x600x50 mm"},"content":{"rendered":"","protected":false},"excerpt":{"rendered":"","protected":false},"featured_media":11957,"template":"","meta":[],"product_brand":[],"product_cat":[301,4154,4155],"product_tag":[6788],"class_list":{"0":"post-7180","1":"product","2":"type-product","3":"status-publish","4":"has-post-thumbnail","6":"product_cat-ho-es-hangszigeteles","7":"product_cat-asvanygyapot","8":"product_cat-rockwool-uveg-es-kozetgyapot-szigeteles","9":"product_tag-rockwool","11":"first","12":"instock","13":"taxable","14":"shipping-taxable","15":"purchasable","16":"product-type-simple"},"aioseo_notices":[],"_links":{"self":[{"href":"https:\/\/www.bau-styl.hu\/epitoanyag\/wp-json\/wp\/v2\/product\/7180","targetHints":{"allow":["GET"]}}],"collection":[{"href":"https:\/\/www.bau-styl.hu\/epitoanyag\/wp-json\/wp\/v2\/product"}],"about":[{"href":"https:\/\/www.bau-styl.hu\/epitoanyag\/wp-json\/wp\/v2\/types\/product"}],"wp:featuredmedia":[{"embeddable":true,"href":"https:\/\/www.bau-styl.hu\/epitoanyag\/wp-json\/wp\/v2\/media\/11957"}],"wp:attachment":[{"href":"https:\/\/www.bau-styl.hu\/epitoanyag\/wp-json\/wp\/v2\/media?parent=7180"}],"wp:term":[{"taxonomy":"product_brand","embeddable":true,"href":"https:\/\/www.bau-styl.hu\/epitoanyag\/wp-json\/wp\/v2\/product_brand?post=7180"},{"taxonomy":"product_cat","embeddable":true,"href":"https:\/\/www.bau-styl.hu\/epitoanyag\/wp-json\/wp\/v2\/product_cat?post=7180"},{"taxonomy":"product_tag","embeddable":true,"href":"https:\/\/www.bau-styl.hu\/epitoanyag\/wp-json\/wp\/v2\/product_tag?post=7180"}],"curies":[{"name":"wp","href":"https:\/\/api.w.org\/{rel}","templated":true}]}}