{"id":7405,"date":"2019-10-25T16:12:38","date_gmt":"2019-10-25T16:12:38","guid":{"rendered":"https:\/\/www.bau-styl.hu\/epitoanyag\/termek\/dunacenter-rogzito-szeg-barna-120-mm\/"},"modified":"2025-10-22T09:48:41","modified_gmt":"2025-10-22T07:48:41","slug":"dunacenter-rogzito-szeg-barna-120-mm","status":"publish","type":"product","link":"https:\/\/www.bau-styl.hu\/epitoanyag\/termek\/dunacenter-rogzito-szeg-barna-120-mm\/","title":{"rendered":"Dunacenter R\u00f6gz\u00edt\u0151 szeg barna 120 mm"},"content":{"rendered":"","protected":false},"excerpt":{"rendered":"<p>A kezd\u0151 \u00e9s eloszt\u00f3 k\u00fapcserepek biztons\u00e1gos \u00e9s vihar\u00e1ll\u00f3 r\u00f6gz\u00edt\u00e9s\u00e9re haszn\u00e1lt elem.<\/p>\n","protected":false},"featured_media":34937,"template":"","meta":[],"product_brand":[],"product_cat":[355,445,447,6667],"product_tag":[6592],"class_list":{"0":"post-7405","1":"product","2":"type-product","3":"status-publish","4":"has-post-thumbnail","6":"product_cat-tetofedes","7":"product_cat-tetotartozek","8":"product_cat-fem-es-muanyag-kiegeszito","9":"product_cat-dunacenter-fem-es-muanyag-kiegeszito","10":"product_tag-dunacenter","12":"first","13":"instock","14":"taxable","15":"shipping-taxable","16":"purchasable","17":"product-type-simple"},"aioseo_notices":[],"_links":{"self":[{"href":"https:\/\/www.bau-styl.hu\/epitoanyag\/wp-json\/wp\/v2\/product\/7405","targetHints":{"allow":["GET"]}}],"collection":[{"href":"https:\/\/www.bau-styl.hu\/epitoanyag\/wp-json\/wp\/v2\/product"}],"about":[{"href":"https:\/\/www.bau-styl.hu\/epitoanyag\/wp-json\/wp\/v2\/types\/product"}],"wp:featuredmedia":[{"embeddable":true,"href":"https:\/\/www.bau-styl.hu\/epitoanyag\/wp-json\/wp\/v2\/media\/34937"}],"wp:attachment":[{"href":"https:\/\/www.bau-styl.hu\/epitoanyag\/wp-json\/wp\/v2\/media?parent=7405"}],"wp:term":[{"taxonomy":"product_brand","embeddable":true,"href":"https:\/\/www.bau-styl.hu\/epitoanyag\/wp-json\/wp\/v2\/product_brand?post=7405"},{"taxonomy":"product_cat","embeddable":true,"href":"https:\/\/www.bau-styl.hu\/epitoanyag\/wp-json\/wp\/v2\/product_cat?post=7405"},{"taxonomy":"product_tag","embeddable":true,"href":"https:\/\/www.bau-styl.hu\/epitoanyag\/wp-json\/wp\/v2\/product_tag?post=7405"}],"curies":[{"name":"wp","href":"https:\/\/api.w.org\/{rel}","templated":true}]}}