{"id":7407,"date":"2019-10-25T16:12:41","date_gmt":"2019-10-25T16:12:41","guid":{"rendered":"https:\/\/www.bau-styl.hu\/epitoanyag\/termek\/dunacenter-szellozo-szalag-barna-10-cm-x-5-m\/"},"modified":"2025-10-22T09:48:41","modified_gmt":"2025-10-22T07:48:41","slug":"dunacenter-szellozo-szalag-barna-10-cm-x-5-m","status":"publish","type":"product","link":"https:\/\/www.bau-styl.hu\/epitoanyag\/termek\/dunacenter-szellozo-szalag-barna-10-cm-x-5-m\/","title":{"rendered":"Dunacenter Szell\u0151z\u0151 szalag barna 10 cm x 5 m"},"content":{"rendered":"","protected":false},"excerpt":{"rendered":"<p>A szell\u0151z\u0151szalagot az eresz vonal\u00e1ba szok\u00e1s be\u00e9p\u00edteni, az \u00e1tszell\u0151z\u0151 leveg\u0151 bevezet\u00e9s\u00e9re. Az elem a leveg\u0151t beengedi, a madarak, nagyobb bogarak azonban nem tudnak bejutni a fed\u00e9s al\u00e1. Hull\u00e1mos cserepekn\u00e9l a lez\u00e1r\u00f3f\u00e9s\u0171vel egy\u00fctt alkalmazzuk.<\/p>\n","protected":false},"featured_media":34937,"template":"","meta":[],"product_brand":[],"product_cat":[355,445,447,6667],"product_tag":[6592],"class_list":{"0":"post-7407","1":"product","2":"type-product","3":"status-publish","4":"has-post-thumbnail","6":"product_cat-tetofedes","7":"product_cat-tetotartozek","8":"product_cat-fem-es-muanyag-kiegeszito","9":"product_cat-dunacenter-fem-es-muanyag-kiegeszito","10":"product_tag-dunacenter","12":"first","13":"instock","14":"taxable","15":"shipping-taxable","16":"purchasable","17":"product-type-simple"},"aioseo_notices":[],"_links":{"self":[{"href":"https:\/\/www.bau-styl.hu\/epitoanyag\/wp-json\/wp\/v2\/product\/7407","targetHints":{"allow":["GET"]}}],"collection":[{"href":"https:\/\/www.bau-styl.hu\/epitoanyag\/wp-json\/wp\/v2\/product"}],"about":[{"href":"https:\/\/www.bau-styl.hu\/epitoanyag\/wp-json\/wp\/v2\/types\/product"}],"wp:featuredmedia":[{"embeddable":true,"href":"https:\/\/www.bau-styl.hu\/epitoanyag\/wp-json\/wp\/v2\/media\/34937"}],"wp:attachment":[{"href":"https:\/\/www.bau-styl.hu\/epitoanyag\/wp-json\/wp\/v2\/media?parent=7407"}],"wp:term":[{"taxonomy":"product_brand","embeddable":true,"href":"https:\/\/www.bau-styl.hu\/epitoanyag\/wp-json\/wp\/v2\/product_brand?post=7407"},{"taxonomy":"product_cat","embeddable":true,"href":"https:\/\/www.bau-styl.hu\/epitoanyag\/wp-json\/wp\/v2\/product_cat?post=7407"},{"taxonomy":"product_tag","embeddable":true,"href":"https:\/\/www.bau-styl.hu\/epitoanyag\/wp-json\/wp\/v2\/product_tag?post=7407"}],"curies":[{"name":"wp","href":"https:\/\/api.w.org\/{rel}","templated":true}]}}