{"id":7840,"date":"2019-10-28T06:38:53","date_gmt":"2019-10-28T06:38:53","guid":{"rendered":"https:\/\/www.bau-styl.hu\/epitoanyag\/termek\/baumit-finobello-gipszes-glett-0-10-mm-feher-20-kg\/"},"modified":"2026-04-22T20:44:03","modified_gmt":"2026-04-22T18:44:03","slug":"baumit-finobello-gipszes-glett-0-10-mm-feher-20-kg","status":"publish","type":"product","link":"https:\/\/www.bau-styl.hu\/epitoanyag\/termek\/baumit-finobello-gipszes-glett-0-10-mm-feher-20-kg\/","title":{"rendered":"Baumit FinoBello Gipszes glett 0-10 mm feh\u00e9r 20 kg"},"content":{"rendered":"","protected":false},"excerpt":{"rendered":"<p>Belt\u00e9ri feh\u00e9r univerz\u00e1lis k\u00e9zi gipszes glettanyag 0\u201310 mm-es vastags\u00e1gban. Optim\u00e1lis v\u00e1laszt\u00e1s m\u00e9sz-cement, cement- \u00e9s gipszes vakolatokra, betonfel\u00fcletekre, gipszkartonszerkezetek h\u00e9zagkit\u00f6lt\u00e9s\u00e9re (\u00fcvegsz\u00f6vet h\u00e9zager\u0151s\u00edt\u0151 szalaggal) \u00e9s teljes fel\u00fclet\u00e9re.<\/p>\n","protected":false},"featured_media":1964,"template":"","meta":[],"product_brand":[11263],"product_cat":[120,6630,2831,4365],"product_tag":[],"class_list":{"0":"post-7840","1":"product","2":"type-product","3":"status-publish","4":"has-post-thumbnail","6":"product_brand-baumit","7":"product_cat-szarazepiteszet","8":"product_cat-glettanyag","9":"product_cat-zsakos-termek","10":"product_cat-glettanyag-zsakos-aru-por-termek","12":"first","13":"instock","14":"taxable","15":"shipping-taxable","16":"purchasable","17":"product-type-simple"},"aioseo_notices":[],"_links":{"self":[{"href":"https:\/\/www.bau-styl.hu\/epitoanyag\/wp-json\/wp\/v2\/product\/7840","targetHints":{"allow":["GET"]}}],"collection":[{"href":"https:\/\/www.bau-styl.hu\/epitoanyag\/wp-json\/wp\/v2\/product"}],"about":[{"href":"https:\/\/www.bau-styl.hu\/epitoanyag\/wp-json\/wp\/v2\/types\/product"}],"wp:featuredmedia":[{"embeddable":true,"href":"https:\/\/www.bau-styl.hu\/epitoanyag\/wp-json\/wp\/v2\/media\/1964"}],"wp:attachment":[{"href":"https:\/\/www.bau-styl.hu\/epitoanyag\/wp-json\/wp\/v2\/media?parent=7840"}],"wp:term":[{"taxonomy":"product_brand","embeddable":true,"href":"https:\/\/www.bau-styl.hu\/epitoanyag\/wp-json\/wp\/v2\/product_brand?post=7840"},{"taxonomy":"product_cat","embeddable":true,"href":"https:\/\/www.bau-styl.hu\/epitoanyag\/wp-json\/wp\/v2\/product_cat?post=7840"},{"taxonomy":"product_tag","embeddable":true,"href":"https:\/\/www.bau-styl.hu\/epitoanyag\/wp-json\/wp\/v2\/product_tag?post=7840"}],"curies":[{"name":"wp","href":"https:\/\/api.w.org\/{rel}","templated":true}]}}