{"id":7846,"date":"2019-10-28T06:38:58","date_gmt":"2019-10-28T04:38:58","guid":{"rendered":"https:\/\/www.bau-styl.hu\/epitoanyag\/termek\/baumit-nivello-duo-onterulo-aljzatkiegyenlito-belteri-3-10-mm-25-kg\/"},"modified":"2026-04-22T20:44:03","modified_gmt":"2026-04-22T18:44:03","slug":"baumit-nivello-duo-onterulo-aljzatkiegyenlito-belteri-3-10-mm-25-kg","status":"publish","type":"product","link":"https:\/\/www.bau-styl.hu\/epitoanyag\/termek\/baumit-nivello-duo-onterulo-aljzatkiegyenlito-belteri-3-10-mm-25-kg\/","title":{"rendered":"Baumit Nivello Duo \u00d6nter\u00fcl\u0151 aljzatkiegyenl\u00edt\u0151, belt\u00e9ri 3-10 mm 25 kg"},"content":{"rendered":"","protected":false},"excerpt":{"rendered":"<p>Lass\u00fa sz\u00e1rad\u00e1s\u00fa, gyorsan k\u00f6t\u0151 belt\u00e9ri \u00f6nter\u00fcl\u0151 aljzatkiegyenl\u00edt\u0151, mely alkalmas r\u00e9gi \u00e9s \u00faj belt\u00e9ri fel\u00fcleteken padl\u00f3burkol\u00e1s el\u0151tti kiegyenl\u00edt\u00e9sre. Padl\u00f3f\u0171t\u00e9s eset\u00e9n is alkalmazhat\u00f3. J\u00e1rhat\u00f3 2-3 \u00f3ra m\u00falva.<\/p>\n","protected":false},"featured_media":1938,"template":"","meta":[],"product_brand":[11263],"product_cat":[11256,129,2831,4066],"product_tag":[],"class_list":{"0":"post-7846","1":"product","2":"type-product","3":"status-publish","4":"has-post-thumbnail","6":"product_brand-baumit","7":"product_cat-aljzatkepzes","8":"product_cat-hidegburkolas","9":"product_cat-zsakos-termek","10":"product_cat-aljzatkiegyenlito-zsakos-aru-por-termek","12":"first","13":"instock","14":"taxable","15":"shipping-taxable","16":"purchasable","17":"product-type-simple"},"aioseo_notices":[],"_links":{"self":[{"href":"https:\/\/www.bau-styl.hu\/epitoanyag\/wp-json\/wp\/v2\/product\/7846","targetHints":{"allow":["GET"]}}],"collection":[{"href":"https:\/\/www.bau-styl.hu\/epitoanyag\/wp-json\/wp\/v2\/product"}],"about":[{"href":"https:\/\/www.bau-styl.hu\/epitoanyag\/wp-json\/wp\/v2\/types\/product"}],"wp:featuredmedia":[{"embeddable":true,"href":"https:\/\/www.bau-styl.hu\/epitoanyag\/wp-json\/wp\/v2\/media\/1938"}],"wp:attachment":[{"href":"https:\/\/www.bau-styl.hu\/epitoanyag\/wp-json\/wp\/v2\/media?parent=7846"}],"wp:term":[{"taxonomy":"product_brand","embeddable":true,"href":"https:\/\/www.bau-styl.hu\/epitoanyag\/wp-json\/wp\/v2\/product_brand?post=7846"},{"taxonomy":"product_cat","embeddable":true,"href":"https:\/\/www.bau-styl.hu\/epitoanyag\/wp-json\/wp\/v2\/product_cat?post=7846"},{"taxonomy":"product_tag","embeddable":true,"href":"https:\/\/www.bau-styl.hu\/epitoanyag\/wp-json\/wp\/v2\/product_tag?post=7846"}],"curies":[{"name":"wp","href":"https:\/\/api.w.org\/{rel}","templated":true}]}}