{"id":7855,"date":"2019-10-28T06:39:05","date_gmt":"2019-10-28T04:39:05","guid":{"rendered":"https:\/\/www.bau-styl.hu\/epitoanyag\/termek\/baumit-szarazbeton-c20-25-30-kg\/"},"modified":"2025-04-23T23:36:49","modified_gmt":"2025-04-23T21:36:49","slug":"baumit-szarazbeton-c20-25-25-kg","status":"publish","type":"product","link":"https:\/\/www.bau-styl.hu\/epitoanyag\/termek\/baumit-szarazbeton-c20-25-25-kg\/","title":{"rendered":"Baumit Sz\u00e1razbeton C20\/25, 25 kg"},"content":{"rendered":"","protected":false},"excerpt":{"rendered":"<p>Gy\u00e1rilag kevert sz\u00e1razbeton. Vasbeton szerkezeti elemek k\u00e9sz\u00edt\u00e9s\u00e9hez alkalmas, mint p\u00e9ld\u00e1ul pill\u00e9rek, f\u00f6d\u00e9mek, illetve jav\u00edt\u00e1si munk\u00e1khoz, aljzatk\u00e9sz\u00edt\u00e9shez is. Szemcse m\u00e9rete: 4 mm.<\/p>\n","protected":false},"featured_media":33901,"template":"","meta":[],"product_brand":[],"product_cat":[2831,4395],"product_tag":[6581],"class_list":{"0":"post-7855","1":"product","2":"type-product","3":"status-publish","4":"has-post-thumbnail","6":"product_cat-zsakos-termek","7":"product_cat-szarazbeton-zsakos-aru-por-termek","8":"product_tag-baumit","10":"first","11":"instock","12":"taxable","13":"shipping-taxable","14":"purchasable","15":"product-type-simple"},"aioseo_notices":[],"_links":{"self":[{"href":"https:\/\/www.bau-styl.hu\/epitoanyag\/wp-json\/wp\/v2\/product\/7855","targetHints":{"allow":["GET"]}}],"collection":[{"href":"https:\/\/www.bau-styl.hu\/epitoanyag\/wp-json\/wp\/v2\/product"}],"about":[{"href":"https:\/\/www.bau-styl.hu\/epitoanyag\/wp-json\/wp\/v2\/types\/product"}],"wp:featuredmedia":[{"embeddable":true,"href":"https:\/\/www.bau-styl.hu\/epitoanyag\/wp-json\/wp\/v2\/media\/33901"}],"wp:attachment":[{"href":"https:\/\/www.bau-styl.hu\/epitoanyag\/wp-json\/wp\/v2\/media?parent=7855"}],"wp:term":[{"taxonomy":"product_brand","embeddable":true,"href":"https:\/\/www.bau-styl.hu\/epitoanyag\/wp-json\/wp\/v2\/product_brand?post=7855"},{"taxonomy":"product_cat","embeddable":true,"href":"https:\/\/www.bau-styl.hu\/epitoanyag\/wp-json\/wp\/v2\/product_cat?post=7855"},{"taxonomy":"product_tag","embeddable":true,"href":"https:\/\/www.bau-styl.hu\/epitoanyag\/wp-json\/wp\/v2\/product_tag?post=7855"}],"curies":[{"name":"wp","href":"https:\/\/api.w.org\/{rel}","templated":true}]}}