{"id":7862,"date":"2019-10-28T06:39:10","date_gmt":"2019-10-28T06:39:10","guid":{"rendered":"https:\/\/www.bau-styl.hu\/epitoanyag\/termek\/bb-dilatacios-habszivacs-csik-10-mm-x-10-cm-x-25-m\/"},"modified":"2026-04-12T13:12:18","modified_gmt":"2026-04-12T11:12:18","slug":"bb-dilatacios-habszivacs-csik-10-mm-x-10-cm-x-25-m","status":"publish","type":"product","link":"https:\/\/www.bau-styl.hu\/epitoanyag\/termek\/bb-dilatacios-habszivacs-csik-10-mm-x-10-cm-x-25-m\/","title":{"rendered":"BB Dilat\u00e1ci\u00f3s Habszivacs cs\u00edk 10 mm x 10 cm x 25 m"},"content":{"rendered":"","protected":false},"excerpt":{"rendered":"<p>Dilat\u00e1ci\u00f3s \u00e9s peremszigetel\u0151 polietil\u00e9nhab tekercs. Ipari beton \u00e9s \u00fasztatott aljzatbetonhoz is alkalmas.<\/p>\n","protected":false},"featured_media":31220,"template":"","meta":[],"product_brand":[],"product_cat":[120,122],"product_tag":[],"class_list":{"0":"post-7862","1":"product","2":"type-product","3":"status-publish","4":"has-post-thumbnail","6":"product_cat-szarazepiteszet","7":"product_cat-gipszkarton-tartozek","9":"first","10":"instock","11":"taxable","12":"shipping-taxable","13":"purchasable","14":"product-type-simple"},"aioseo_notices":[],"_links":{"self":[{"href":"https:\/\/www.bau-styl.hu\/epitoanyag\/wp-json\/wp\/v2\/product\/7862","targetHints":{"allow":["GET"]}}],"collection":[{"href":"https:\/\/www.bau-styl.hu\/epitoanyag\/wp-json\/wp\/v2\/product"}],"about":[{"href":"https:\/\/www.bau-styl.hu\/epitoanyag\/wp-json\/wp\/v2\/types\/product"}],"wp:featuredmedia":[{"embeddable":true,"href":"https:\/\/www.bau-styl.hu\/epitoanyag\/wp-json\/wp\/v2\/media\/31220"}],"wp:attachment":[{"href":"https:\/\/www.bau-styl.hu\/epitoanyag\/wp-json\/wp\/v2\/media?parent=7862"}],"wp:term":[{"taxonomy":"product_brand","embeddable":true,"href":"https:\/\/www.bau-styl.hu\/epitoanyag\/wp-json\/wp\/v2\/product_brand?post=7862"},{"taxonomy":"product_cat","embeddable":true,"href":"https:\/\/www.bau-styl.hu\/epitoanyag\/wp-json\/wp\/v2\/product_cat?post=7862"},{"taxonomy":"product_tag","embeddable":true,"href":"https:\/\/www.bau-styl.hu\/epitoanyag\/wp-json\/wp\/v2\/product_tag?post=7862"}],"curies":[{"name":"wp","href":"https:\/\/api.w.org\/{rel}","templated":true}]}}