{"id":7879,"date":"2019-10-28T06:39:22","date_gmt":"2019-10-28T06:39:22","guid":{"rendered":"https:\/\/www.bau-styl.hu\/epitoanyag\/termek\/bb-solflex-lelegzo-folia-120-cm-50-m2-tekercs\/"},"modified":"2026-04-24T11:39:23","modified_gmt":"2026-04-24T09:39:23","slug":"bb-solflex-lelegzo-folia-120-cm-50-m2-tekercs","status":"publish","type":"product","link":"https:\/\/www.bau-styl.hu\/epitoanyag\/termek\/bb-solflex-lelegzo-folia-120-cm-50-m2-tekercs\/","title":{"rendered":"BB Solflex L\u00e9legz\u0151 f\u00f3lia 120 cm, 50 m2\/tekercs"},"content":{"rendered":"","protected":false},"excerpt":{"rendered":"<p>Ez egy h\u0151visszaver\u0151, h\u0151szigetel\u0151 f\u00f3lia, amely a napsugarakat visszaverve biztos\u00edtja a tet\u0151 megfelel\u0151 h\u0151szigetel\u00e9s\u00e9t. P\u00e1ra\u00e1tereszt\u0151 k\u00e9pess\u00e9g\u00e9nek k\u00f6sz\u00f6nhet\u0151en a p\u00e1ra t\u00e1vozik a tet\u0151t\u00e9rb\u0151l, viszont k\u00edv\u00fclr\u0151l v\u00edz leperget\u0151 az anyag. \u00c1tfed\u00e9ssel helyezze el a f\u00f3li\u00e1t a szaruf\u00e1k k\u00fcls\u0151 s\u00edkj\u00e1ra.<\/p>\n","protected":false},"featured_media":34937,"template":"","meta":[],"product_brand":[11264],"product_cat":[11364,355],"product_tag":[],"class_list":{"0":"post-7879","1":"product","2":"type-product","3":"status-publish","4":"has-post-thumbnail","6":"product_brand-bb","7":"product_cat-tetofolia","8":"product_cat-tetofedes","10":"first","11":"instock","12":"taxable","13":"shipping-taxable","14":"purchasable","15":"product-type-simple"},"aioseo_notices":[],"_links":{"self":[{"href":"https:\/\/www.bau-styl.hu\/epitoanyag\/wp-json\/wp\/v2\/product\/7879","targetHints":{"allow":["GET"]}}],"collection":[{"href":"https:\/\/www.bau-styl.hu\/epitoanyag\/wp-json\/wp\/v2\/product"}],"about":[{"href":"https:\/\/www.bau-styl.hu\/epitoanyag\/wp-json\/wp\/v2\/types\/product"}],"wp:featuredmedia":[{"embeddable":true,"href":"https:\/\/www.bau-styl.hu\/epitoanyag\/wp-json\/wp\/v2\/media\/34937"}],"wp:attachment":[{"href":"https:\/\/www.bau-styl.hu\/epitoanyag\/wp-json\/wp\/v2\/media?parent=7879"}],"wp:term":[{"taxonomy":"product_brand","embeddable":true,"href":"https:\/\/www.bau-styl.hu\/epitoanyag\/wp-json\/wp\/v2\/product_brand?post=7879"},{"taxonomy":"product_cat","embeddable":true,"href":"https:\/\/www.bau-styl.hu\/epitoanyag\/wp-json\/wp\/v2\/product_cat?post=7879"},{"taxonomy":"product_tag","embeddable":true,"href":"https:\/\/www.bau-styl.hu\/epitoanyag\/wp-json\/wp\/v2\/product_tag?post=7879"}],"curies":[{"name":"wp","href":"https:\/\/api.w.org\/{rel}","templated":true}]}}