{"id":7881,"date":"2019-10-28T06:39:23","date_gmt":"2019-10-28T06:39:23","guid":{"rendered":"https:\/\/www.bau-styl.hu\/epitoanyag\/termek\/bb-solflex-padlofutes-alatet-folia-120-cm-50-m2-tekercs\/"},"modified":"2026-04-20T12:11:27","modified_gmt":"2026-04-20T10:11:27","slug":"bb-solflex-padlofutes-alatet-folia-120-cm-50-m2-tekercs","status":"publish","type":"product","link":"https:\/\/www.bau-styl.hu\/epitoanyag\/termek\/bb-solflex-padlofutes-alatet-folia-120-cm-50-m2-tekercs\/","title":{"rendered":"BB Solflex Padl\u00f3f\u0171t\u00e9s-al\u00e1t\u00e9t f\u00f3lia 120 cm, 50 m2\/tekercs"},"content":{"rendered":"","protected":false},"excerpt":{"rendered":"<p>A h\u0151szigetel\u00e9s \u00e9s a r\u00e1ker\u00fcl\u0151, padl\u00f3f\u0171t\u00e9ssel ell\u00e1tott aljzat k\u00f6z\u00e9 &#8211; fektetve alkalmazhat\u00f3, a sug\u00e1rz\u00f3 h\u0151 visszaver\u00e9s\u00e9re.<\/p>\n","protected":false},"featured_media":1813,"template":"","meta":[],"product_brand":[11264],"product_cat":[11229,261],"product_tag":[],"class_list":{"0":"post-7881","1":"product","2":"type-product","3":"status-publish","4":"has-post-thumbnail","6":"product_brand-bb","7":"product_cat-foliak","8":"product_cat-barkacs-szerszam-es-munkavedelem","10":"first","11":"instock","12":"taxable","13":"shipping-taxable","14":"purchasable","15":"product-type-simple"},"aioseo_notices":[],"_links":{"self":[{"href":"https:\/\/www.bau-styl.hu\/epitoanyag\/wp-json\/wp\/v2\/product\/7881","targetHints":{"allow":["GET"]}}],"collection":[{"href":"https:\/\/www.bau-styl.hu\/epitoanyag\/wp-json\/wp\/v2\/product"}],"about":[{"href":"https:\/\/www.bau-styl.hu\/epitoanyag\/wp-json\/wp\/v2\/types\/product"}],"wp:featuredmedia":[{"embeddable":true,"href":"https:\/\/www.bau-styl.hu\/epitoanyag\/wp-json\/wp\/v2\/media\/1813"}],"wp:attachment":[{"href":"https:\/\/www.bau-styl.hu\/epitoanyag\/wp-json\/wp\/v2\/media?parent=7881"}],"wp:term":[{"taxonomy":"product_brand","embeddable":true,"href":"https:\/\/www.bau-styl.hu\/epitoanyag\/wp-json\/wp\/v2\/product_brand?post=7881"},{"taxonomy":"product_cat","embeddable":true,"href":"https:\/\/www.bau-styl.hu\/epitoanyag\/wp-json\/wp\/v2\/product_cat?post=7881"},{"taxonomy":"product_tag","embeddable":true,"href":"https:\/\/www.bau-styl.hu\/epitoanyag\/wp-json\/wp\/v2\/product_tag?post=7881"}],"curies":[{"name":"wp","href":"https:\/\/api.w.org\/{rel}","templated":true}]}}