{"id":7887,"date":"2019-10-28T06:39:30","date_gmt":"2019-10-28T04:39:30","guid":{"rendered":"https:\/\/www.bau-styl.hu\/epitoanyag\/termek\/betonacel-b500a-6-mm-x-6-m\/"},"modified":"2026-03-23T15:31:30","modified_gmt":"2026-03-23T13:31:30","slug":"betonacel-b500b-10-mm-x-6-m","status":"publish","type":"product","link":"https:\/\/www.bau-styl.hu\/epitoanyag\/termek\/betonacel-b500b-10-mm-x-6-m\/","title":{"rendered":"Betonac\u00e9l B500B 10 mm x 6 m"},"content":{"rendered":"","protected":false},"excerpt":{"rendered":"<p>A betonac\u00e9l egyenetlens\u00e9geinek c\u00e9lja a beton \u00e9s a vasbet\u00e9t jobb fel\u00fcleti k\u00f6t\u00e9se r\u00e9v\u00e9n a jobb egy\u00fctt dolgoz\u00e1s biztos\u00edt\u00e1sa. Vasbeton szerkezetek k\u00e9sz\u00edt\u00e9s\u00e9re alkalmas.<\/p>\n","protected":false},"featured_media":5905,"template":"","meta":[],"product_brand":[],"product_cat":[451,453],"product_tag":[],"class_list":{"0":"post-7887","1":"product","2":"type-product","3":"status-publish","4":"has-post-thumbnail","6":"product_cat-vasanyag","7":"product_cat-betonacel","9":"first","10":"instock","11":"taxable","12":"shipping-taxable","13":"purchasable","14":"product-type-simple"},"aioseo_notices":[],"_links":{"self":[{"href":"https:\/\/www.bau-styl.hu\/epitoanyag\/wp-json\/wp\/v2\/product\/7887","targetHints":{"allow":["GET"]}}],"collection":[{"href":"https:\/\/www.bau-styl.hu\/epitoanyag\/wp-json\/wp\/v2\/product"}],"about":[{"href":"https:\/\/www.bau-styl.hu\/epitoanyag\/wp-json\/wp\/v2\/types\/product"}],"wp:featuredmedia":[{"embeddable":true,"href":"https:\/\/www.bau-styl.hu\/epitoanyag\/wp-json\/wp\/v2\/media\/5905"}],"wp:attachment":[{"href":"https:\/\/www.bau-styl.hu\/epitoanyag\/wp-json\/wp\/v2\/media?parent=7887"}],"wp:term":[{"taxonomy":"product_brand","embeddable":true,"href":"https:\/\/www.bau-styl.hu\/epitoanyag\/wp-json\/wp\/v2\/product_brand?post=7887"},{"taxonomy":"product_cat","embeddable":true,"href":"https:\/\/www.bau-styl.hu\/epitoanyag\/wp-json\/wp\/v2\/product_cat?post=7887"},{"taxonomy":"product_tag","embeddable":true,"href":"https:\/\/www.bau-styl.hu\/epitoanyag\/wp-json\/wp\/v2\/product_tag?post=7887"}],"curies":[{"name":"wp","href":"https:\/\/api.w.org\/{rel}","templated":true}]}}