{"id":7897,"date":"2019-10-28T06:39:38","date_gmt":"2019-10-28T06:39:38","guid":{"rendered":"https:\/\/www.bau-styl.hu\/epitoanyag\/termek\/betonepag-betonbelestest-eb-60-19\/"},"modified":"2026-04-20T12:11:29","modified_gmt":"2026-04-20T10:11:29","slug":"betonepag-betonbelestest-eb-60-19","status":"publish","type":"product","link":"https:\/\/www.bau-styl.hu\/epitoanyag\/termek\/betonepag-betonbelestest-eb-60-19\/","title":{"rendered":"Betonepag betonb\u00e9l\u00e9stest EB 60\/19"},"content":{"rendered":"","protected":false},"excerpt":{"rendered":"<p>Az EB60\/19 f\u00f6d\u00e9mb\u00e9l\u00e9stestet magas t\u00f6r\u0151szil\u00e1rds\u00e1g\u00fa, s sz\u00e9p homog\u00e9n fel\u00fclet\u0171, gyorsan be\u00e9p\u00edthet\u0151.<\/p>\n","protected":false},"featured_media":5825,"template":"","meta":[],"product_brand":[11265],"product_cat":[107,108],"product_tag":[],"class_list":{"0":"post-7897","1":"product","2":"type-product","3":"status-publish","4":"has-post-thumbnail","6":"product_brand-betonepag","7":"product_cat-fodemrendszer","8":"product_cat-betongerendas-fodemrendszer","10":"first","11":"instock","12":"taxable","13":"shipping-taxable","14":"purchasable","15":"product-type-simple"},"aioseo_notices":[],"_links":{"self":[{"href":"https:\/\/www.bau-styl.hu\/epitoanyag\/wp-json\/wp\/v2\/product\/7897","targetHints":{"allow":["GET"]}}],"collection":[{"href":"https:\/\/www.bau-styl.hu\/epitoanyag\/wp-json\/wp\/v2\/product"}],"about":[{"href":"https:\/\/www.bau-styl.hu\/epitoanyag\/wp-json\/wp\/v2\/types\/product"}],"wp:featuredmedia":[{"embeddable":true,"href":"https:\/\/www.bau-styl.hu\/epitoanyag\/wp-json\/wp\/v2\/media\/5825"}],"wp:attachment":[{"href":"https:\/\/www.bau-styl.hu\/epitoanyag\/wp-json\/wp\/v2\/media?parent=7897"}],"wp:term":[{"taxonomy":"product_brand","embeddable":true,"href":"https:\/\/www.bau-styl.hu\/epitoanyag\/wp-json\/wp\/v2\/product_brand?post=7897"},{"taxonomy":"product_cat","embeddable":true,"href":"https:\/\/www.bau-styl.hu\/epitoanyag\/wp-json\/wp\/v2\/product_cat?post=7897"},{"taxonomy":"product_tag","embeddable":true,"href":"https:\/\/www.bau-styl.hu\/epitoanyag\/wp-json\/wp\/v2\/product_tag?post=7897"}],"curies":[{"name":"wp","href":"https:\/\/api.w.org\/{rel}","templated":true}]}}