{"id":7899,"date":"2019-10-28T06:39:39","date_gmt":"2019-10-28T06:39:39","guid":{"rendered":"https:\/\/www.bau-styl.hu\/epitoanyag\/termek\/betonepag-jardalap-szurke-40x40x5-cm\/"},"modified":"2026-04-20T12:11:30","modified_gmt":"2026-04-20T10:11:30","slug":"betonepag-jardalap-szurke-40x40x5-cm","status":"publish","type":"product","link":"https:\/\/www.bau-styl.hu\/epitoanyag\/termek\/betonepag-jardalap-szurke-40x40x5-cm\/","title":{"rendered":"Betonepag j\u00e1rdalap sz\u00fcrke 40x40x5 cm"},"content":{"rendered":"","protected":false},"excerpt":{"rendered":"<p>Fagy\u00e1ll\u00f3 k\u00fclt\u00e9ri betonlap, aj\u00e1nljuk j\u00e1rd\u00e1k gyalogutak burkol\u00e1s\u00e1ra.<\/p>\n","protected":false},"featured_media":5814,"template":"","meta":[],"product_brand":[11265],"product_cat":[168,5044],"product_tag":[],"class_list":{"0":"post-7899","1":"product","2":"type-product","3":"status-publish","4":"has-post-thumbnail","6":"product_brand-betonepag","7":"product_cat-kertepites-es-terburkolat","8":"product_cat-kerti-lapok","10":"first","11":"instock","12":"taxable","13":"shipping-taxable","14":"purchasable","15":"product-type-simple"},"aioseo_notices":[],"_links":{"self":[{"href":"https:\/\/www.bau-styl.hu\/epitoanyag\/wp-json\/wp\/v2\/product\/7899","targetHints":{"allow":["GET"]}}],"collection":[{"href":"https:\/\/www.bau-styl.hu\/epitoanyag\/wp-json\/wp\/v2\/product"}],"about":[{"href":"https:\/\/www.bau-styl.hu\/epitoanyag\/wp-json\/wp\/v2\/types\/product"}],"wp:featuredmedia":[{"embeddable":true,"href":"https:\/\/www.bau-styl.hu\/epitoanyag\/wp-json\/wp\/v2\/media\/5814"}],"wp:attachment":[{"href":"https:\/\/www.bau-styl.hu\/epitoanyag\/wp-json\/wp\/v2\/media?parent=7899"}],"wp:term":[{"taxonomy":"product_brand","embeddable":true,"href":"https:\/\/www.bau-styl.hu\/epitoanyag\/wp-json\/wp\/v2\/product_brand?post=7899"},{"taxonomy":"product_cat","embeddable":true,"href":"https:\/\/www.bau-styl.hu\/epitoanyag\/wp-json\/wp\/v2\/product_cat?post=7899"},{"taxonomy":"product_tag","embeddable":true,"href":"https:\/\/www.bau-styl.hu\/epitoanyag\/wp-json\/wp\/v2\/product_tag?post=7899"}],"curies":[{"name":"wp","href":"https:\/\/api.w.org\/{rel}","templated":true}]}}