{"id":7909,"date":"2019-10-28T06:39:48","date_gmt":"2019-10-28T06:39:48","guid":{"rendered":"https:\/\/www.bau-styl.hu\/epitoanyag\/termek\/betonepag-zsaluko-15x25x50-64-db-raklap\/"},"modified":"2024-02-26T15:58:02","modified_gmt":"2024-02-26T13:58:02","slug":"betonepag-zsaluko-15x25x50-64-db-raklap","status":"publish","type":"product","link":"https:\/\/www.bau-styl.hu\/epitoanyag\/termek\/betonepag-zsaluko-15x25x50-64-db-raklap\/","title":{"rendered":"Betonepag zsaluk\u0151 15x25x50 64 db\/raklap"},"content":{"rendered":"","protected":false},"excerpt":{"rendered":"<p>25 cm-es magass\u00e1g\u00faak, s csak 8 db\/m2 az anyagig\u00e9ny\u00fck. Legfontosabb jellemz\u0151i a sz\u00e9p homog\u00e9n fel\u00fclet, gyors be\u00e9p\u00edthet\u0151s\u00e9g, a magas t\u00f6r\u0151szil\u00e1rds\u00e1g.<\/p>\n","protected":false},"featured_media":5824,"template":"","meta":[],"product_brand":[],"product_cat":[637,4506,4507],"product_tag":[6783],"class_list":{"0":"post-7909","1":"product","2":"type-product","3":"status-publish","4":"has-post-thumbnail","6":"product_cat-beton-termek","7":"product_cat-zsaluko-beton-termek","8":"product_cat-betonepag-zsaluko-beton-termek","9":"product_tag-betonepag","11":"first","12":"instock","13":"taxable","14":"shipping-taxable","15":"purchasable","16":"product-type-simple"},"aioseo_notices":[],"_links":{"self":[{"href":"https:\/\/www.bau-styl.hu\/epitoanyag\/wp-json\/wp\/v2\/product\/7909","targetHints":{"allow":["GET"]}}],"collection":[{"href":"https:\/\/www.bau-styl.hu\/epitoanyag\/wp-json\/wp\/v2\/product"}],"about":[{"href":"https:\/\/www.bau-styl.hu\/epitoanyag\/wp-json\/wp\/v2\/types\/product"}],"wp:featuredmedia":[{"embeddable":true,"href":"https:\/\/www.bau-styl.hu\/epitoanyag\/wp-json\/wp\/v2\/media\/5824"}],"wp:attachment":[{"href":"https:\/\/www.bau-styl.hu\/epitoanyag\/wp-json\/wp\/v2\/media?parent=7909"}],"wp:term":[{"taxonomy":"product_brand","embeddable":true,"href":"https:\/\/www.bau-styl.hu\/epitoanyag\/wp-json\/wp\/v2\/product_brand?post=7909"},{"taxonomy":"product_cat","embeddable":true,"href":"https:\/\/www.bau-styl.hu\/epitoanyag\/wp-json\/wp\/v2\/product_cat?post=7909"},{"taxonomy":"product_tag","embeddable":true,"href":"https:\/\/www.bau-styl.hu\/epitoanyag\/wp-json\/wp\/v2\/product_tag?post=7909"}],"curies":[{"name":"wp","href":"https:\/\/api.w.org\/{rel}","templated":true}]}}