{"id":7911,"date":"2019-10-28T06:39:50","date_gmt":"2019-10-28T06:39:50","guid":{"rendered":"https:\/\/www.bau-styl.hu\/epitoanyag\/termek\/betonepag-zsaluko-25x25x50-50-db-raklap\/"},"modified":"2026-04-20T12:53:23","modified_gmt":"2026-04-20T10:53:23","slug":"betonepag-zsaluko-25x25x50-50-db-raklap","status":"publish","type":"product","link":"https:\/\/www.bau-styl.hu\/epitoanyag\/termek\/betonepag-zsaluko-25x25x50-50-db-raklap\/","title":{"rendered":"Betonepag zsaluk\u0151 25x25x50 50 db\/raklap"},"content":{"rendered":"","protected":false},"excerpt":{"rendered":"<p>25 cm-es magass\u00e1g\u00faak, s csak 8 db\/m2 az anyagig\u00e9ny\u00fck. Legfontosabb jellemz\u0151i a sz\u00e9p homog\u00e9n fel\u00fclet, gyors be\u00e9p\u00edthet\u0151s\u00e9g, a magas t\u00f6r\u0151szil\u00e1rds\u00e1g.<\/p>\n","protected":false},"featured_media":5824,"template":"","meta":[],"product_brand":[11265],"product_cat":[11332,78],"product_tag":[],"class_list":{"0":"post-7911","1":"product","2":"type-product","3":"status-publish","4":"has-post-thumbnail","6":"product_brand-betonepag","7":"product_cat-beton-falazat","8":"product_cat-falazat","10":"first","11":"instock","12":"taxable","13":"shipping-taxable","14":"purchasable","15":"product-type-simple"},"aioseo_notices":[],"_links":{"self":[{"href":"https:\/\/www.bau-styl.hu\/epitoanyag\/wp-json\/wp\/v2\/product\/7911","targetHints":{"allow":["GET"]}}],"collection":[{"href":"https:\/\/www.bau-styl.hu\/epitoanyag\/wp-json\/wp\/v2\/product"}],"about":[{"href":"https:\/\/www.bau-styl.hu\/epitoanyag\/wp-json\/wp\/v2\/types\/product"}],"wp:featuredmedia":[{"embeddable":true,"href":"https:\/\/www.bau-styl.hu\/epitoanyag\/wp-json\/wp\/v2\/media\/5824"}],"wp:attachment":[{"href":"https:\/\/www.bau-styl.hu\/epitoanyag\/wp-json\/wp\/v2\/media?parent=7911"}],"wp:term":[{"taxonomy":"product_brand","embeddable":true,"href":"https:\/\/www.bau-styl.hu\/epitoanyag\/wp-json\/wp\/v2\/product_brand?post=7911"},{"taxonomy":"product_cat","embeddable":true,"href":"https:\/\/www.bau-styl.hu\/epitoanyag\/wp-json\/wp\/v2\/product_cat?post=7911"},{"taxonomy":"product_tag","embeddable":true,"href":"https:\/\/www.bau-styl.hu\/epitoanyag\/wp-json\/wp\/v2\/product_tag?post=7911"}],"curies":[{"name":"wp","href":"https:\/\/api.w.org\/{rel}","templated":true}]}}