{"id":7956,"date":"2019-10-28T06:45:55","date_gmt":"2019-10-28T06:45:55","guid":{"rendered":"https:\/\/www.bau-styl.hu\/epitoanyag\/termek\/colorferr-bp-hacl-hajlatbadog-50-ksz-2m-es-05mm\/"},"modified":"2026-04-20T18:21:05","modified_gmt":"2026-04-20T16:21:05","slug":"colorferr-bp-hacl-hajlatbadog-50-ksz-2-fm-2","status":"publish","type":"product","link":"https:\/\/www.bau-styl.hu\/epitoanyag\/termek\/colorferr-bp-hacl-hajlatbadog-50-ksz-2-fm-2\/","title":{"rendered":"Colorferr Bp Hacl hajlatb\u00e1dog 50 ksz 2 fm"},"content":{"rendered":"","protected":false},"excerpt":{"rendered":"<p>Tet\u0151hajlatot, ahol k\u00e9t tet\u0151s\u00edk tal\u00e1lkozik. Mivel az es\u0151v\u00edz a v\u00e1p\u00e1ban \u00f6sszefolyva \u00f6mlik az es\u0151csatorn\u00e1ba, ez\u00e9rt ide \u00fagynevezett v\u00e1palemezt, m\u00e1s nev\u00e9n hajlatb\u00e1dogot szoktak helyezni.<\/p>\n","protected":false},"featured_media":34937,"template":"","meta":[],"product_brand":[11320],"product_cat":[11365,355],"product_tag":[],"class_list":{"0":"post-7956","1":"product","2":"type-product","3":"status-publish","4":"has-post-thumbnail","6":"product_brand-zambelli","7":"product_cat-badog","8":"product_cat-tetofedes","10":"first","11":"instock","12":"taxable","13":"shipping-taxable","14":"purchasable","15":"product-type-simple"},"aioseo_notices":[],"_links":{"self":[{"href":"https:\/\/www.bau-styl.hu\/epitoanyag\/wp-json\/wp\/v2\/product\/7956","targetHints":{"allow":["GET"]}}],"collection":[{"href":"https:\/\/www.bau-styl.hu\/epitoanyag\/wp-json\/wp\/v2\/product"}],"about":[{"href":"https:\/\/www.bau-styl.hu\/epitoanyag\/wp-json\/wp\/v2\/types\/product"}],"wp:featuredmedia":[{"embeddable":true,"href":"https:\/\/www.bau-styl.hu\/epitoanyag\/wp-json\/wp\/v2\/media\/34937"}],"wp:attachment":[{"href":"https:\/\/www.bau-styl.hu\/epitoanyag\/wp-json\/wp\/v2\/media?parent=7956"}],"wp:term":[{"taxonomy":"product_brand","embeddable":true,"href":"https:\/\/www.bau-styl.hu\/epitoanyag\/wp-json\/wp\/v2\/product_brand?post=7956"},{"taxonomy":"product_cat","embeddable":true,"href":"https:\/\/www.bau-styl.hu\/epitoanyag\/wp-json\/wp\/v2\/product_cat?post=7956"},{"taxonomy":"product_tag","embeddable":true,"href":"https:\/\/www.bau-styl.hu\/epitoanyag\/wp-json\/wp\/v2\/product_tag?post=7956"}],"curies":[{"name":"wp","href":"https:\/\/api.w.org\/{rel}","templated":true}]}}