{"id":7967,"date":"2019-10-28T06:46:01","date_gmt":"2019-10-28T04:46:01","guid":{"rendered":"https:\/\/www.bau-styl.hu\/epitoanyag\/termek\/duna-drava-vac-cem-ii-b-m-v-ll-325-r-kompozit-portlandcement-zold-1400-kg-rkl\/"},"modified":"2026-04-20T20:52:17","modified_gmt":"2026-04-20T18:52:17","slug":"duna-drava-vac-cem-ii-b-m-v-ll-325-r-kompozit-portlandcement-zold-1400-kg-rkl","status":"publish","type":"product","link":"https:\/\/www.bau-styl.hu\/epitoanyag\/termek\/duna-drava-vac-cem-ii-b-m-v-ll-325-r-kompozit-portlandcement-zold-1400-kg-rkl\/","title":{"rendered":"Duna-Dr\u00e1va V\u00e1c CEM II\/B-M (V-LL) 32,5 R Kompozit-portlandcement (z\u00f6ld) 1400 kg\/rkl"},"content":{"rendered":"","protected":false},"excerpt":{"rendered":"<p>Alkalmazhat\u00f3 betonoz\u00e1s, nagy keresztmetszet\u0171 beton, vasbeton szerkezetek, valamint csal\u00e1di h\u00e1zak teherhord\u00f3 beton, vasbeton szerkezetei \u00e9s esztrich betonok, vakolatok, habarcsokhoz.<\/p>\n","protected":false},"featured_media":1816,"template":"","meta":[],"product_brand":[11274],"product_cat":[11371,2831],"product_tag":[],"class_list":{"0":"post-7967","1":"product","2":"type-product","3":"status-publish","4":"has-post-thumbnail","6":"product_brand-duna-drava","7":"product_cat-kotoanyag","8":"product_cat-zsakos-termek","10":"first","11":"instock","12":"taxable","13":"shipping-taxable","14":"purchasable","15":"product-type-simple"},"aioseo_notices":[],"_links":{"self":[{"href":"https:\/\/www.bau-styl.hu\/epitoanyag\/wp-json\/wp\/v2\/product\/7967","targetHints":{"allow":["GET"]}}],"collection":[{"href":"https:\/\/www.bau-styl.hu\/epitoanyag\/wp-json\/wp\/v2\/product"}],"about":[{"href":"https:\/\/www.bau-styl.hu\/epitoanyag\/wp-json\/wp\/v2\/types\/product"}],"wp:featuredmedia":[{"embeddable":true,"href":"https:\/\/www.bau-styl.hu\/epitoanyag\/wp-json\/wp\/v2\/media\/1816"}],"wp:attachment":[{"href":"https:\/\/www.bau-styl.hu\/epitoanyag\/wp-json\/wp\/v2\/media?parent=7967"}],"wp:term":[{"taxonomy":"product_brand","embeddable":true,"href":"https:\/\/www.bau-styl.hu\/epitoanyag\/wp-json\/wp\/v2\/product_brand?post=7967"},{"taxonomy":"product_cat","embeddable":true,"href":"https:\/\/www.bau-styl.hu\/epitoanyag\/wp-json\/wp\/v2\/product_cat?post=7967"},{"taxonomy":"product_tag","embeddable":true,"href":"https:\/\/www.bau-styl.hu\/epitoanyag\/wp-json\/wp\/v2\/product_tag?post=7967"}],"curies":[{"name":"wp","href":"https:\/\/api.w.org\/{rel}","templated":true}]}}