{"id":7993,"date":"2019-10-28T06:46:19","date_gmt":"2019-10-28T06:46:19","guid":{"rendered":"https:\/\/www.bau-styl.hu\/epitoanyag\/termek\/fakotesu-alatet-m16-horganyzott\/"},"modified":"2024-05-16T12:49:48","modified_gmt":"2024-05-16T10:49:48","slug":"fakotesu-alatet-m16-horganyzott","status":"publish","type":"product","link":"https:\/\/www.bau-styl.hu\/epitoanyag\/termek\/fakotesu-alatet-m16-horganyzott\/","title":{"rendered":"Fak\u00f6t\u00e9s\u0171 al\u00e1t\u00e9t M16 horganyzott"},"content":{"rendered":"","protected":false},"excerpt":{"rendered":"","protected":false},"featured_media":7470,"template":"","meta":[],"product_brand":[],"product_cat":[355,445,448,261,4071,6640],"product_tag":[],"class_list":{"0":"post-7993","1":"product","2":"type-product","3":"status-publish","4":"has-post-thumbnail","6":"product_cat-tetofedes","7":"product_cat-tetotartozek","8":"product_cat-szerkezeti-kotoanyag","9":"product_cat-barkacs-szerszam-es-munkavedelem","10":"product_cat-kotoanyag","11":"product_cat-szerkezeti-kotoanyag-kotoanyag","13":"first","14":"instock","15":"taxable","16":"shipping-taxable","17":"purchasable","18":"product-type-simple"},"aioseo_notices":[],"_links":{"self":[{"href":"https:\/\/www.bau-styl.hu\/epitoanyag\/wp-json\/wp\/v2\/product\/7993","targetHints":{"allow":["GET"]}}],"collection":[{"href":"https:\/\/www.bau-styl.hu\/epitoanyag\/wp-json\/wp\/v2\/product"}],"about":[{"href":"https:\/\/www.bau-styl.hu\/epitoanyag\/wp-json\/wp\/v2\/types\/product"}],"wp:featuredmedia":[{"embeddable":true,"href":"https:\/\/www.bau-styl.hu\/epitoanyag\/wp-json\/wp\/v2\/media\/7470"}],"wp:attachment":[{"href":"https:\/\/www.bau-styl.hu\/epitoanyag\/wp-json\/wp\/v2\/media?parent=7993"}],"wp:term":[{"taxonomy":"product_brand","embeddable":true,"href":"https:\/\/www.bau-styl.hu\/epitoanyag\/wp-json\/wp\/v2\/product_brand?post=7993"},{"taxonomy":"product_cat","embeddable":true,"href":"https:\/\/www.bau-styl.hu\/epitoanyag\/wp-json\/wp\/v2\/product_cat?post=7993"},{"taxonomy":"product_tag","embeddable":true,"href":"https:\/\/www.bau-styl.hu\/epitoanyag\/wp-json\/wp\/v2\/product_tag?post=7993"}],"curies":[{"name":"wp","href":"https:\/\/api.w.org\/{rel}","templated":true}]}}