{"id":8023,"date":"2019-10-28T06:46:43","date_gmt":"2019-10-28T06:46:43","guid":{"rendered":"https:\/\/www.bau-styl.hu\/epitoanyag\/termek\/gk-tartozek-cd-60-profil-3-fm-05mm\/"},"modified":"2024-01-15T21:14:39","modified_gmt":"2024-01-15T19:14:39","slug":"gk-tartozek-cd-60-profil-3-fm-05mm","status":"publish","type":"product","link":"https:\/\/www.bau-styl.hu\/epitoanyag\/termek\/gk-tartozek-cd-60-profil-3-fm-05mm\/","title":{"rendered":"BM CD 60 Mennyezeti profil 0,5 mm 3,00 m"},"content":{"rendered":"","protected":false},"excerpt":{"rendered":"<p>El\u0151t\u00e9tfal, illetve \u00e1lmennyezet v\u00e1zszerkezet\u00e9hez alkalmas profil.<\/p>\n","protected":false},"featured_media":2563,"template":"","meta":[],"product_brand":[],"product_cat":[120,123,4626],"product_tag":[],"class_list":{"0":"post-8023","1":"product","2":"type-product","3":"status-publish","4":"has-post-thumbnail","6":"product_cat-szarazepiteszet","7":"product_cat-gipszkarton-profil","8":"product_cat-mennyezeti-profil","10":"first","11":"instock","12":"taxable","13":"shipping-taxable","14":"purchasable","15":"product-type-simple"},"aioseo_notices":[],"_links":{"self":[{"href":"https:\/\/www.bau-styl.hu\/epitoanyag\/wp-json\/wp\/v2\/product\/8023","targetHints":{"allow":["GET"]}}],"collection":[{"href":"https:\/\/www.bau-styl.hu\/epitoanyag\/wp-json\/wp\/v2\/product"}],"about":[{"href":"https:\/\/www.bau-styl.hu\/epitoanyag\/wp-json\/wp\/v2\/types\/product"}],"wp:featuredmedia":[{"embeddable":true,"href":"https:\/\/www.bau-styl.hu\/epitoanyag\/wp-json\/wp\/v2\/media\/2563"}],"wp:attachment":[{"href":"https:\/\/www.bau-styl.hu\/epitoanyag\/wp-json\/wp\/v2\/media?parent=8023"}],"wp:term":[{"taxonomy":"product_brand","embeddable":true,"href":"https:\/\/www.bau-styl.hu\/epitoanyag\/wp-json\/wp\/v2\/product_brand?post=8023"},{"taxonomy":"product_cat","embeddable":true,"href":"https:\/\/www.bau-styl.hu\/epitoanyag\/wp-json\/wp\/v2\/product_cat?post=8023"},{"taxonomy":"product_tag","embeddable":true,"href":"https:\/\/www.bau-styl.hu\/epitoanyag\/wp-json\/wp\/v2\/product_tag?post=8023"}],"curies":[{"name":"wp","href":"https:\/\/api.w.org\/{rel}","templated":true}]}}