{"id":8024,"date":"2019-10-28T06:46:43","date_gmt":"2019-10-28T06:46:43","guid":{"rendered":"https:\/\/www.bau-styl.hu\/epitoanyag\/termek\/gk-tartozek-cd-60-profil-3-fm-06mm\/"},"modified":"2026-04-20T12:11:31","modified_gmt":"2026-04-20T10:11:31","slug":"gk-tartozek-cd-60-profil-3-fm-06mm","status":"publish","type":"product","link":"https:\/\/www.bau-styl.hu\/epitoanyag\/termek\/gk-tartozek-cd-60-profil-3-fm-06mm\/","title":{"rendered":"BM CD 60 Mennyezeti profil 0,6 mm 3,00 m"},"content":{"rendered":"","protected":false},"excerpt":{"rendered":"<p>El\u0151t\u00e9tfal, illetve \u00e1lmennyezet v\u00e1zszerkezet\u00e9hez alkalmas profil.<\/p>\n","protected":false},"featured_media":2563,"template":"","meta":[],"product_brand":[11266],"product_cat":[120,123],"product_tag":[],"class_list":{"0":"post-8024","1":"product","2":"type-product","3":"status-publish","4":"has-post-thumbnail","6":"product_brand-bm","7":"product_cat-szarazepiteszet","8":"product_cat-gipszkarton-profil","10":"first","11":"instock","12":"taxable","13":"shipping-taxable","14":"purchasable","15":"product-type-simple"},"aioseo_notices":[],"_links":{"self":[{"href":"https:\/\/www.bau-styl.hu\/epitoanyag\/wp-json\/wp\/v2\/product\/8024","targetHints":{"allow":["GET"]}}],"collection":[{"href":"https:\/\/www.bau-styl.hu\/epitoanyag\/wp-json\/wp\/v2\/product"}],"about":[{"href":"https:\/\/www.bau-styl.hu\/epitoanyag\/wp-json\/wp\/v2\/types\/product"}],"wp:featuredmedia":[{"embeddable":true,"href":"https:\/\/www.bau-styl.hu\/epitoanyag\/wp-json\/wp\/v2\/media\/2563"}],"wp:attachment":[{"href":"https:\/\/www.bau-styl.hu\/epitoanyag\/wp-json\/wp\/v2\/media?parent=8024"}],"wp:term":[{"taxonomy":"product_brand","embeddable":true,"href":"https:\/\/www.bau-styl.hu\/epitoanyag\/wp-json\/wp\/v2\/product_brand?post=8024"},{"taxonomy":"product_cat","embeddable":true,"href":"https:\/\/www.bau-styl.hu\/epitoanyag\/wp-json\/wp\/v2\/product_cat?post=8024"},{"taxonomy":"product_tag","embeddable":true,"href":"https:\/\/www.bau-styl.hu\/epitoanyag\/wp-json\/wp\/v2\/product_tag?post=8024"}],"curies":[{"name":"wp","href":"https:\/\/api.w.org\/{rel}","templated":true}]}}