{"id":8028,"date":"2019-10-28T06:46:45","date_gmt":"2019-10-28T04:46:45","guid":{"rendered":"https:\/\/www.bau-styl.hu\/epitoanyag\/termek\/gk-tartozek-cd-keresztosszekoto\/"},"modified":"2026-04-20T12:13:37","modified_gmt":"2026-04-20T10:13:37","slug":"gk-tartozek-cd-keresztosszekoto","status":"publish","type":"product","link":"https:\/\/www.bau-styl.hu\/epitoanyag\/termek\/gk-tartozek-cd-keresztosszekoto\/","title":{"rendered":"DK Profifix Kereszt\u00f6sszek\u00f6t\u0151 CD-profilhoz &#8211; lapos K2 (100db\/dob)"},"content":{"rendered":"","protected":false},"excerpt":{"rendered":"<p>CD profillal k\u00e9sz\u00edtett \u00e1lmennyezetek v\u00e1zszerkezet\u00e9nek \u00e9p\u00edt\u00e9s\u00e9hez haszn\u00e1lhat\u00f3.<\/p>\n","protected":false},"featured_media":2535,"template":"","meta":[],"product_brand":[11298],"product_cat":[120,122],"product_tag":[],"class_list":{"0":"post-8028","1":"product","2":"type-product","3":"status-publish","4":"has-post-thumbnail","6":"product_brand-profifix","7":"product_cat-szarazepiteszet","8":"product_cat-gipszkarton-tartozek","10":"first","11":"instock","12":"taxable","13":"shipping-taxable","14":"purchasable","15":"product-type-simple"},"aioseo_notices":[],"_links":{"self":[{"href":"https:\/\/www.bau-styl.hu\/epitoanyag\/wp-json\/wp\/v2\/product\/8028","targetHints":{"allow":["GET"]}}],"collection":[{"href":"https:\/\/www.bau-styl.hu\/epitoanyag\/wp-json\/wp\/v2\/product"}],"about":[{"href":"https:\/\/www.bau-styl.hu\/epitoanyag\/wp-json\/wp\/v2\/types\/product"}],"wp:featuredmedia":[{"embeddable":true,"href":"https:\/\/www.bau-styl.hu\/epitoanyag\/wp-json\/wp\/v2\/media\/2535"}],"wp:attachment":[{"href":"https:\/\/www.bau-styl.hu\/epitoanyag\/wp-json\/wp\/v2\/media?parent=8028"}],"wp:term":[{"taxonomy":"product_brand","embeddable":true,"href":"https:\/\/www.bau-styl.hu\/epitoanyag\/wp-json\/wp\/v2\/product_brand?post=8028"},{"taxonomy":"product_cat","embeddable":true,"href":"https:\/\/www.bau-styl.hu\/epitoanyag\/wp-json\/wp\/v2\/product_cat?post=8028"},{"taxonomy":"product_tag","embeddable":true,"href":"https:\/\/www.bau-styl.hu\/epitoanyag\/wp-json\/wp\/v2\/product_tag?post=8028"}],"curies":[{"name":"wp","href":"https:\/\/api.w.org\/{rel}","templated":true}]}}