{"id":8039,"date":"2019-10-28T08:46:51","date_gmt":"2019-10-28T06:46:51","guid":{"rendered":"https:\/\/www.bau-styl.hu\/epitoanyag\/termek\/gk-tartozek-gyorscsavar-fahoz-35x35-250-db\/"},"modified":"2026-04-20T12:13:37","modified_gmt":"2026-04-20T10:13:37","slug":"gk-tartozek-gyorscsavar-fahoz-35x35-250-db","status":"publish","type":"product","link":"https:\/\/www.bau-styl.hu\/epitoanyag\/termek\/gk-tartozek-gyorscsavar-fahoz-35x35-250-db\/","title":{"rendered":"DK Profix Ritkamenetes \u00d6nmetsz\u0151 gipszkarton csavar f\u00e1hoz 3,5&#215;35 mm (1000db\/dob)"},"content":{"rendered":"","protected":false},"excerpt":{"rendered":"","protected":false},"featured_media":6976,"template":"","meta":[],"product_brand":[11298],"product_cat":[120,122],"product_tag":[],"class_list":{"0":"post-8039","1":"product","2":"type-product","3":"status-publish","4":"has-post-thumbnail","6":"product_brand-profifix","7":"product_cat-szarazepiteszet","8":"product_cat-gipszkarton-tartozek","10":"first","11":"instock","12":"taxable","13":"shipping-taxable","14":"purchasable","15":"product-type-simple"},"aioseo_notices":[],"_links":{"self":[{"href":"https:\/\/www.bau-styl.hu\/epitoanyag\/wp-json\/wp\/v2\/product\/8039","targetHints":{"allow":["GET"]}}],"collection":[{"href":"https:\/\/www.bau-styl.hu\/epitoanyag\/wp-json\/wp\/v2\/product"}],"about":[{"href":"https:\/\/www.bau-styl.hu\/epitoanyag\/wp-json\/wp\/v2\/types\/product"}],"wp:featuredmedia":[{"embeddable":true,"href":"https:\/\/www.bau-styl.hu\/epitoanyag\/wp-json\/wp\/v2\/media\/6976"}],"wp:attachment":[{"href":"https:\/\/www.bau-styl.hu\/epitoanyag\/wp-json\/wp\/v2\/media?parent=8039"}],"wp:term":[{"taxonomy":"product_brand","embeddable":true,"href":"https:\/\/www.bau-styl.hu\/epitoanyag\/wp-json\/wp\/v2\/product_brand?post=8039"},{"taxonomy":"product_cat","embeddable":true,"href":"https:\/\/www.bau-styl.hu\/epitoanyag\/wp-json\/wp\/v2\/product_cat?post=8039"},{"taxonomy":"product_tag","embeddable":true,"href":"https:\/\/www.bau-styl.hu\/epitoanyag\/wp-json\/wp\/v2\/product_tag?post=8039"}],"curies":[{"name":"wp","href":"https:\/\/api.w.org\/{rel}","templated":true}]}}