{"id":8054,"date":"2019-10-28T06:47:04","date_gmt":"2019-10-28T06:47:04","guid":{"rendered":"https:\/\/www.bau-styl.hu\/epitoanyag\/termek\/gk-tartozek-uw-100-profil-4-fm-05mm\/"},"modified":"2025-10-22T09:48:43","modified_gmt":"2025-10-22T07:48:43","slug":"gk-tartozek-uw-100-profil-4-fm-05mm","status":"publish","type":"product","link":"https:\/\/www.bau-styl.hu\/epitoanyag\/termek\/gk-tartozek-uw-100-profil-4-fm-05mm\/","title":{"rendered":"BM UW 100 V\u00e1laszfal profil 0,5 mm 4,00 m"},"content":{"rendered":"","protected":false},"excerpt":{"rendered":"<p>Gipszkarton v\u00e1laszfal, valamint padl\u00f3 \u00e9s mennyezet csatlakoz\u00f3 profil.<\/p>\n","protected":false},"featured_media":34937,"template":"","meta":[],"product_brand":[],"product_cat":[120,123,4410],"product_tag":[],"class_list":{"0":"post-8054","1":"product","2":"type-product","3":"status-publish","4":"has-post-thumbnail","6":"product_cat-szarazepiteszet","7":"product_cat-gipszkarton-profil","8":"product_cat-valaszfali-profil","10":"first","11":"instock","12":"taxable","13":"shipping-taxable","14":"purchasable","15":"product-type-simple"},"aioseo_notices":[],"_links":{"self":[{"href":"https:\/\/www.bau-styl.hu\/epitoanyag\/wp-json\/wp\/v2\/product\/8054","targetHints":{"allow":["GET"]}}],"collection":[{"href":"https:\/\/www.bau-styl.hu\/epitoanyag\/wp-json\/wp\/v2\/product"}],"about":[{"href":"https:\/\/www.bau-styl.hu\/epitoanyag\/wp-json\/wp\/v2\/types\/product"}],"wp:featuredmedia":[{"embeddable":true,"href":"https:\/\/www.bau-styl.hu\/epitoanyag\/wp-json\/wp\/v2\/media\/34937"}],"wp:attachment":[{"href":"https:\/\/www.bau-styl.hu\/epitoanyag\/wp-json\/wp\/v2\/media?parent=8054"}],"wp:term":[{"taxonomy":"product_brand","embeddable":true,"href":"https:\/\/www.bau-styl.hu\/epitoanyag\/wp-json\/wp\/v2\/product_brand?post=8054"},{"taxonomy":"product_cat","embeddable":true,"href":"https:\/\/www.bau-styl.hu\/epitoanyag\/wp-json\/wp\/v2\/product_cat?post=8054"},{"taxonomy":"product_tag","embeddable":true,"href":"https:\/\/www.bau-styl.hu\/epitoanyag\/wp-json\/wp\/v2\/product_tag?post=8054"}],"curies":[{"name":"wp","href":"https:\/\/api.w.org\/{rel}","templated":true}]}}