{"id":8076,"date":"2019-10-28T06:47:17","date_gmt":"2019-10-28T06:47:17","guid":{"rendered":"https:\/\/www.bau-styl.hu\/epitoanyag\/termek\/gutta-guttatec-top-teglany-zsindely-voros-3-m2-csomag\/"},"modified":"2024-01-15T21:14:56","modified_gmt":"2024-01-15T19:14:56","slug":"gutta-guttatec-top-teglany-zsindely-voros-3-m2-csomag","status":"publish","type":"product","link":"https:\/\/www.bau-styl.hu\/epitoanyag\/termek\/gutta-guttatec-top-teglany-zsindely-voros-3-m2-csomag\/","title":{"rendered":"Gutta Guttatec Top T\u00e9gl\u00e1ny zsindely v\u00f6r\u00f6s 3 m2\/csomag"},"content":{"rendered":"","protected":false},"excerpt":{"rendered":"<p>Kiv\u00e1l\u00f3 min\u0151s\u00e9g\u0171 \u00fcvegsz\u00e1l hordoz\u00f3val gy\u00e1rtott oxidbitumenes zsindely. K\u00f6nnyen hajl\u00edthat\u00f3k \u00e9s v\u00e1ghat\u00f3k. Minden tet\u0151form\u00e1hoz t\u00f6k\u00e9letesen illeszkednek.<\/p>\n","protected":false},"featured_media":2341,"template":"","meta":[],"product_brand":[],"product_cat":[355,450],"product_tag":[],"class_list":{"0":"post-8076","1":"product","2":"type-product","3":"status-publish","4":"has-post-thumbnail","6":"product_cat-tetofedes","7":"product_cat-zsindely-es-tartozekai","9":"first","10":"instock","11":"taxable","12":"shipping-taxable","13":"purchasable","14":"product-type-simple"},"aioseo_notices":[],"_links":{"self":[{"href":"https:\/\/www.bau-styl.hu\/epitoanyag\/wp-json\/wp\/v2\/product\/8076","targetHints":{"allow":["GET"]}}],"collection":[{"href":"https:\/\/www.bau-styl.hu\/epitoanyag\/wp-json\/wp\/v2\/product"}],"about":[{"href":"https:\/\/www.bau-styl.hu\/epitoanyag\/wp-json\/wp\/v2\/types\/product"}],"wp:featuredmedia":[{"embeddable":true,"href":"https:\/\/www.bau-styl.hu\/epitoanyag\/wp-json\/wp\/v2\/media\/2341"}],"wp:attachment":[{"href":"https:\/\/www.bau-styl.hu\/epitoanyag\/wp-json\/wp\/v2\/media?parent=8076"}],"wp:term":[{"taxonomy":"product_brand","embeddable":true,"href":"https:\/\/www.bau-styl.hu\/epitoanyag\/wp-json\/wp\/v2\/product_brand?post=8076"},{"taxonomy":"product_cat","embeddable":true,"href":"https:\/\/www.bau-styl.hu\/epitoanyag\/wp-json\/wp\/v2\/product_cat?post=8076"},{"taxonomy":"product_tag","embeddable":true,"href":"https:\/\/www.bau-styl.hu\/epitoanyag\/wp-json\/wp\/v2\/product_tag?post=8076"}],"curies":[{"name":"wp","href":"https:\/\/api.w.org\/{rel}","templated":true}]}}