{"id":8077,"date":"2019-10-28T06:47:17","date_gmt":"2019-10-28T04:47:17","guid":{"rendered":"https:\/\/www.bau-styl.hu\/epitoanyag\/termek\/gutta-guttatex-geotextilia-130-g-zold-szurke-2x50-m\/"},"modified":"2024-01-15T21:14:59","modified_gmt":"2024-01-15T19:14:59","slug":"gutta-guttatex-geotextilia-130-g-zold-szurke-2x50-m","status":"publish","type":"product","link":"https:\/\/www.bau-styl.hu\/epitoanyag\/termek\/gutta-guttatex-geotextilia-130-g-zold-szurke-2x50-m\/","title":{"rendered":"Gutta Guttatex Geotextilia 130 g z\u00f6ld\/sz\u00fcrke 2&#215;50 m"},"content":{"rendered":"","protected":false},"excerpt":{"rendered":"<p>A geotext\u00edlia nagy v\u00edz\u00e1tereszt\u0151 k\u00e9pess\u00e9g\u0171. 2m x 50m-es tekercsben kaphat\u00f3.<\/p>\n","protected":false},"featured_media":2335,"template":"","meta":[],"product_brand":[],"product_cat":[168,174],"product_tag":[],"class_list":{"0":"post-8077","1":"product","2":"type-product","3":"status-publish","4":"has-post-thumbnail","6":"product_cat-kertepites-es-terburkolat","7":"product_cat-kertszepitok","9":"first","10":"instock","11":"taxable","12":"shipping-taxable","13":"purchasable","14":"product-type-simple"},"aioseo_notices":[],"_links":{"self":[{"href":"https:\/\/www.bau-styl.hu\/epitoanyag\/wp-json\/wp\/v2\/product\/8077","targetHints":{"allow":["GET"]}}],"collection":[{"href":"https:\/\/www.bau-styl.hu\/epitoanyag\/wp-json\/wp\/v2\/product"}],"about":[{"href":"https:\/\/www.bau-styl.hu\/epitoanyag\/wp-json\/wp\/v2\/types\/product"}],"wp:featuredmedia":[{"embeddable":true,"href":"https:\/\/www.bau-styl.hu\/epitoanyag\/wp-json\/wp\/v2\/media\/2335"}],"wp:attachment":[{"href":"https:\/\/www.bau-styl.hu\/epitoanyag\/wp-json\/wp\/v2\/media?parent=8077"}],"wp:term":[{"taxonomy":"product_brand","embeddable":true,"href":"https:\/\/www.bau-styl.hu\/epitoanyag\/wp-json\/wp\/v2\/product_brand?post=8077"},{"taxonomy":"product_cat","embeddable":true,"href":"https:\/\/www.bau-styl.hu\/epitoanyag\/wp-json\/wp\/v2\/product_cat?post=8077"},{"taxonomy":"product_tag","embeddable":true,"href":"https:\/\/www.bau-styl.hu\/epitoanyag\/wp-json\/wp\/v2\/product_tag?post=8077"}],"curies":[{"name":"wp","href":"https:\/\/api.w.org\/{rel}","templated":true}]}}