{"id":8081,"date":"2019-10-28T06:47:21","date_gmt":"2019-10-28T04:47:21","guid":{"rendered":"https:\/\/www.bau-styl.hu\/epitoanyag\/termek\/gutta-guttatherm-xps-extrudalt-hoszigetelo-lemez-4-cm\/"},"modified":"2024-01-15T21:14:59","modified_gmt":"2024-01-15T19:14:59","slug":"gutta-guttatherm-xps-extrudalt-hoszigetelo-lemez-4-cm","status":"publish","type":"product","link":"https:\/\/www.bau-styl.hu\/epitoanyag\/termek\/gutta-guttatherm-xps-extrudalt-hoszigetelo-lemez-4-cm\/","title":{"rendered":"Gutta Guttatherm XPS Extrud\u00e1lt h\u0151szigetel\u0151 lemez 4 cm"},"content":{"rendered":"","protected":false},"excerpt":{"rendered":"","protected":false},"featured_media":31415,"template":"","meta":[],"product_brand":[],"product_cat":[301,6603,310,314],"product_tag":[],"class_list":{"0":"post-8081","1":"product","2":"type-product","3":"status-publish","4":"has-post-thumbnail","6":"product_cat-ho-es-hangszigeteles","7":"product_cat-polisztirol","8":"product_cat-labazati-xps-szigeteles","9":"product_cat-gutta","11":"first","12":"instock","13":"taxable","14":"shipping-taxable","15":"purchasable","16":"product-type-simple"},"aioseo_notices":[],"_links":{"self":[{"href":"https:\/\/www.bau-styl.hu\/epitoanyag\/wp-json\/wp\/v2\/product\/8081","targetHints":{"allow":["GET"]}}],"collection":[{"href":"https:\/\/www.bau-styl.hu\/epitoanyag\/wp-json\/wp\/v2\/product"}],"about":[{"href":"https:\/\/www.bau-styl.hu\/epitoanyag\/wp-json\/wp\/v2\/types\/product"}],"wp:featuredmedia":[{"embeddable":true,"href":"https:\/\/www.bau-styl.hu\/epitoanyag\/wp-json\/wp\/v2\/media\/31415"}],"wp:attachment":[{"href":"https:\/\/www.bau-styl.hu\/epitoanyag\/wp-json\/wp\/v2\/media?parent=8081"}],"wp:term":[{"taxonomy":"product_brand","embeddable":true,"href":"https:\/\/www.bau-styl.hu\/epitoanyag\/wp-json\/wp\/v2\/product_brand?post=8081"},{"taxonomy":"product_cat","embeddable":true,"href":"https:\/\/www.bau-styl.hu\/epitoanyag\/wp-json\/wp\/v2\/product_cat?post=8081"},{"taxonomy":"product_tag","embeddable":true,"href":"https:\/\/www.bau-styl.hu\/epitoanyag\/wp-json\/wp\/v2\/product_tag?post=8081"}],"curies":[{"name":"wp","href":"https:\/\/api.w.org\/{rel}","templated":true}]}}