{"id":8083,"date":"2019-10-28T06:47:23","date_gmt":"2019-10-28T04:47:23","guid":{"rendered":"https:\/\/www.bau-styl.hu\/epitoanyag\/termek\/henkel-ceresit-ct-174-szilikon-szilikat-vekonyvakolatkapart-15-mm-feher-25-kg\/"},"modified":"2026-04-20T12:12:25","modified_gmt":"2026-04-20T10:12:25","slug":"henkel-ceresit-ct-174-aquastatic-szilikon-szilikat-vekonyvakolat-kapart-15-mm-feher-25-kg","status":"publish","type":"product","link":"https:\/\/www.bau-styl.hu\/epitoanyag\/termek\/henkel-ceresit-ct-174-aquastatic-szilikon-szilikat-vekonyvakolat-kapart-15-mm-feher-25-kg\/","title":{"rendered":"Henkel Ceresit CT 174 Aquastatic Szilikon-szilik\u00e1t v\u00e9konyvakolat, kapart 1,5 mm feh\u00e9r 25 kg"},"content":{"rendered":"","protected":false},"excerpt":{"rendered":"<p>A Ceresit CT 174 egyes\u00edti a szilikon \u00e9s a szilik\u00e1talap\u00fa vakolatok j\u00f3 tulajdons\u00e1gait: a csapad\u00e9kvizet lepergeti, az \u00e9p\u00fcletb\u0151l kiker\u00fcl\u0151 p\u00e1r\u00e1t viszont \u00e1tereszti. Alkalmazhat\u00f3 k\u00fcls\u0151 \u00e9s bels\u0151 t\u00e9rben, r\u00e9gi \u00e9s \u00faj \u00e9p\u00fcletek falazat\u00e1n, betonfel\u00fcleten, megl\u00e9v\u0151 vakolaton, gipszes fel\u00fcleten, gipszkartonon<\/p>\n","protected":false},"featured_media":2196,"template":"","meta":[],"product_brand":[11284],"product_cat":[332,6644],"product_tag":[],"class_list":{"0":"post-8083","1":"product","2":"type-product","3":"status-publish","4":"has-post-thumbnail","6":"product_brand-henkel","7":"product_cat-szinezes","8":"product_cat-nemesvakolat","10":"first","11":"instock","12":"taxable","13":"shipping-taxable","14":"purchasable","15":"product-type-simple"},"aioseo_notices":[],"_links":{"self":[{"href":"https:\/\/www.bau-styl.hu\/epitoanyag\/wp-json\/wp\/v2\/product\/8083","targetHints":{"allow":["GET"]}}],"collection":[{"href":"https:\/\/www.bau-styl.hu\/epitoanyag\/wp-json\/wp\/v2\/product"}],"about":[{"href":"https:\/\/www.bau-styl.hu\/epitoanyag\/wp-json\/wp\/v2\/types\/product"}],"wp:featuredmedia":[{"embeddable":true,"href":"https:\/\/www.bau-styl.hu\/epitoanyag\/wp-json\/wp\/v2\/media\/2196"}],"wp:attachment":[{"href":"https:\/\/www.bau-styl.hu\/epitoanyag\/wp-json\/wp\/v2\/media?parent=8083"}],"wp:term":[{"taxonomy":"product_brand","embeddable":true,"href":"https:\/\/www.bau-styl.hu\/epitoanyag\/wp-json\/wp\/v2\/product_brand?post=8083"},{"taxonomy":"product_cat","embeddable":true,"href":"https:\/\/www.bau-styl.hu\/epitoanyag\/wp-json\/wp\/v2\/product_cat?post=8083"},{"taxonomy":"product_tag","embeddable":true,"href":"https:\/\/www.bau-styl.hu\/epitoanyag\/wp-json\/wp\/v2\/product_tag?post=8083"}],"curies":[{"name":"wp","href":"https:\/\/api.w.org\/{rel}","templated":true}]}}