{"id":8086,"date":"2019-10-28T06:47:24","date_gmt":"2019-10-28T04:47:24","guid":{"rendered":"https:\/\/www.bau-styl.hu\/epitoanyag\/termek\/henkel-ceresit-ct-60-akril-vekonyvakolat-kapart-15-mm-feher-25-kg\/"},"modified":"2025-06-18T23:05:21","modified_gmt":"2025-06-18T21:05:21","slug":"henkel-ceresit-ct-60-elastic-akril-vekonyvakolat-kapart-15-mm-feher-25-kg","status":"publish","type":"product","link":"https:\/\/www.bau-styl.hu\/epitoanyag\/termek\/henkel-ceresit-ct-60-elastic-akril-vekonyvakolat-kapart-15-mm-feher-25-kg\/","title":{"rendered":"Henkel Ceresit CT 60 Elastic Akril v\u00e9konyvakolat kapart 1,5 mm feh\u00e9r 25 kg"},"content":{"rendered":"","protected":false},"excerpt":{"rendered":"<p>Bel- \u00e9s k\u00fclt\u00e9rben egyar\u00e1nt alkalmas sz\u00ednezhet\u0151 akril vakolat , ami \u00faj \u00e9s r\u00e9gi \u00e9p\u00fcletek falazat\u00e1n, valamint az \u00fcvegh\u00e1l\u00f3val er\u0151s\u00edtett polisztirol t\u00e1bl\u00e1s homlokzati h\u0151szigetel\u0151 rendszer z\u00e1r\u00f3 elemek\u00e9nt is haszn\u00e1lhat\u00f3.<\/p>\n","protected":false},"featured_media":2199,"template":"","meta":[],"product_brand":[],"product_cat":[332,6644],"product_tag":[6601,6775],"class_list":{"0":"post-8086","1":"product","2":"type-product","3":"status-publish","4":"has-post-thumbnail","6":"product_cat-szinezes","7":"product_cat-nemesvakolat","8":"product_tag-henkel","9":"product_tag-kiemelt-termek","11":"first","12":"instock","13":"taxable","14":"shipping-taxable","15":"purchasable","16":"product-type-simple"},"aioseo_notices":[],"_links":{"self":[{"href":"https:\/\/www.bau-styl.hu\/epitoanyag\/wp-json\/wp\/v2\/product\/8086","targetHints":{"allow":["GET"]}}],"collection":[{"href":"https:\/\/www.bau-styl.hu\/epitoanyag\/wp-json\/wp\/v2\/product"}],"about":[{"href":"https:\/\/www.bau-styl.hu\/epitoanyag\/wp-json\/wp\/v2\/types\/product"}],"wp:featuredmedia":[{"embeddable":true,"href":"https:\/\/www.bau-styl.hu\/epitoanyag\/wp-json\/wp\/v2\/media\/2199"}],"wp:attachment":[{"href":"https:\/\/www.bau-styl.hu\/epitoanyag\/wp-json\/wp\/v2\/media?parent=8086"}],"wp:term":[{"taxonomy":"product_brand","embeddable":true,"href":"https:\/\/www.bau-styl.hu\/epitoanyag\/wp-json\/wp\/v2\/product_brand?post=8086"},{"taxonomy":"product_cat","embeddable":true,"href":"https:\/\/www.bau-styl.hu\/epitoanyag\/wp-json\/wp\/v2\/product_cat?post=8086"},{"taxonomy":"product_tag","embeddable":true,"href":"https:\/\/www.bau-styl.hu\/epitoanyag\/wp-json\/wp\/v2\/product_tag?post=8086"}],"curies":[{"name":"wp","href":"https:\/\/api.w.org\/{rel}","templated":true}]}}