{"id":8100,"date":"2019-10-28T06:47:35","date_gmt":"2019-10-28T06:47:35","guid":{"rendered":"https:\/\/www.bau-styl.hu\/epitoanyag\/termek\/herman-vagotarcsa-125x10x222mm-a46sbf\/"},"modified":"2026-04-20T12:12:27","modified_gmt":"2026-04-20T10:12:27","slug":"herman-vagotarcsa-125x10x222mm-a46sbf","status":"publish","type":"product","link":"https:\/\/www.bau-styl.hu\/epitoanyag\/termek\/herman-vagotarcsa-125x10x222mm-a46sbf\/","title":{"rendered":"HERMAN v\u00e1g\u00f3t\u00e1rcsa 125&#215;1,0x22,2mm A46SBF"},"content":{"rendered":"","protected":false},"excerpt":{"rendered":"","protected":false},"featured_media":6855,"template":"","meta":[],"product_brand":[11285],"product_cat":[11233,261],"product_tag":[],"class_list":{"0":"post-8100","1":"product","2":"type-product","3":"status-publish","4":"has-post-thumbnail","6":"product_brand-herman","7":"product_cat-korongok","8":"product_cat-barkacs-szerszam-es-munkavedelem","10":"first","11":"instock","12":"taxable","13":"shipping-taxable","14":"purchasable","15":"product-type-simple"},"aioseo_notices":[],"_links":{"self":[{"href":"https:\/\/www.bau-styl.hu\/epitoanyag\/wp-json\/wp\/v2\/product\/8100","targetHints":{"allow":["GET"]}}],"collection":[{"href":"https:\/\/www.bau-styl.hu\/epitoanyag\/wp-json\/wp\/v2\/product"}],"about":[{"href":"https:\/\/www.bau-styl.hu\/epitoanyag\/wp-json\/wp\/v2\/types\/product"}],"wp:featuredmedia":[{"embeddable":true,"href":"https:\/\/www.bau-styl.hu\/epitoanyag\/wp-json\/wp\/v2\/media\/6855"}],"wp:attachment":[{"href":"https:\/\/www.bau-styl.hu\/epitoanyag\/wp-json\/wp\/v2\/media?parent=8100"}],"wp:term":[{"taxonomy":"product_brand","embeddable":true,"href":"https:\/\/www.bau-styl.hu\/epitoanyag\/wp-json\/wp\/v2\/product_brand?post=8100"},{"taxonomy":"product_cat","embeddable":true,"href":"https:\/\/www.bau-styl.hu\/epitoanyag\/wp-json\/wp\/v2\/product_cat?post=8100"},{"taxonomy":"product_tag","embeddable":true,"href":"https:\/\/www.bau-styl.hu\/epitoanyag\/wp-json\/wp\/v2\/product_tag?post=8100"}],"curies":[{"name":"wp","href":"https:\/\/api.w.org\/{rel}","templated":true}]}}