{"id":8116,"date":"2019-10-28T06:49:38","date_gmt":"2019-10-28T04:49:38","guid":{"rendered":"https:\/\/www.bau-styl.hu\/epitoanyag\/termek\/homok-01\/"},"modified":"2024-05-16T12:50:04","modified_gmt":"2024-05-16T10:50:04","slug":"homok-01","status":"publish","type":"product","link":"https:\/\/www.bau-styl.hu\/epitoanyag\/termek\/homok-01\/","title":{"rendered":"Homok 0-1"},"content":{"rendered":"","protected":false},"excerpt":{"rendered":"<p>Mosott homok, nem term\u00e9szetes form\u00e1ban megtal\u00e1lhat\u00f3 anyag. S\u00f3derb\u0151l rost\u00e1lj\u00e1k ki \u00e9s magas nyom\u00e1s\u00fa v\u00edzzel az agyagtartalmat kimoss\u00e1k bel\u0151le, \u00edgy kapunk egy teljesen tiszta anyagot.<\/p>\n","protected":false},"featured_media":6912,"template":"","meta":[],"product_brand":[],"product_cat":[4686],"product_tag":[],"class_list":{"0":"post-8116","1":"product","2":"type-product","3":"status-publish","4":"has-post-thumbnail","6":"product_cat-omlesztett-aru","8":"first","9":"instock","10":"taxable","11":"shipping-taxable","12":"purchasable","13":"product-type-simple"},"aioseo_notices":[],"_links":{"self":[{"href":"https:\/\/www.bau-styl.hu\/epitoanyag\/wp-json\/wp\/v2\/product\/8116","targetHints":{"allow":["GET"]}}],"collection":[{"href":"https:\/\/www.bau-styl.hu\/epitoanyag\/wp-json\/wp\/v2\/product"}],"about":[{"href":"https:\/\/www.bau-styl.hu\/epitoanyag\/wp-json\/wp\/v2\/types\/product"}],"wp:featuredmedia":[{"embeddable":true,"href":"https:\/\/www.bau-styl.hu\/epitoanyag\/wp-json\/wp\/v2\/media\/6912"}],"wp:attachment":[{"href":"https:\/\/www.bau-styl.hu\/epitoanyag\/wp-json\/wp\/v2\/media?parent=8116"}],"wp:term":[{"taxonomy":"product_brand","embeddable":true,"href":"https:\/\/www.bau-styl.hu\/epitoanyag\/wp-json\/wp\/v2\/product_brand?post=8116"},{"taxonomy":"product_cat","embeddable":true,"href":"https:\/\/www.bau-styl.hu\/epitoanyag\/wp-json\/wp\/v2\/product_cat?post=8116"},{"taxonomy":"product_tag","embeddable":true,"href":"https:\/\/www.bau-styl.hu\/epitoanyag\/wp-json\/wp\/v2\/product_tag?post=8116"}],"curies":[{"name":"wp","href":"https:\/\/api.w.org\/{rel}","templated":true}]}}