{"id":8118,"date":"2019-10-28T06:49:39","date_gmt":"2019-10-28T06:49:39","guid":{"rendered":"https:\/\/www.bau-styl.hu\/epitoanyag\/termek\/kemikal-bornit-h-bitumenes-hig-bevonoanyag-5-l\/"},"modified":"2024-02-05T12:46:38","modified_gmt":"2024-02-05T10:46:38","slug":"kemikal-bornit-h-bitumenes-hig-bevonoanyag-5-l","status":"publish","type":"product","link":"https:\/\/www.bau-styl.hu\/epitoanyag\/termek\/kemikal-bornit-h-bitumenes-hig-bevonoanyag-5-l\/","title":{"rendered":"Kemik\u00e1l Bornit H Bitumenes h\u00edg bevon\u00f3anyag 5 l"},"content":{"rendered":"","protected":false},"excerpt":{"rendered":"<p>Bitumenes h\u00edg bevon\u00f3anyag. Kenhet\u0151 \u00e9s sz\u00f3rhat\u00f3, old\u00f3szert tartalmaz\u00f3 bitumenes alapoz\u00f3.<\/p>\n","protected":false},"featured_media":7044,"template":"","meta":[],"product_brand":[],"product_cat":[261,4071,59,458,6648],"product_tag":[],"class_list":{"0":"post-8118","1":"product","2":"type-product","3":"status-publish","4":"has-post-thumbnail","6":"product_cat-barkacs-szerszam-es-munkavedelem","7":"product_cat-kotoanyag","8":"product_cat-kemikalia","9":"product_cat-vizszigeteles","10":"product_cat-bitumenes-lemezszigeteles","12":"first","13":"instock","14":"taxable","15":"shipping-taxable","16":"purchasable","17":"product-type-simple"},"aioseo_notices":[],"_links":{"self":[{"href":"https:\/\/www.bau-styl.hu\/epitoanyag\/wp-json\/wp\/v2\/product\/8118","targetHints":{"allow":["GET"]}}],"collection":[{"href":"https:\/\/www.bau-styl.hu\/epitoanyag\/wp-json\/wp\/v2\/product"}],"about":[{"href":"https:\/\/www.bau-styl.hu\/epitoanyag\/wp-json\/wp\/v2\/types\/product"}],"wp:featuredmedia":[{"embeddable":true,"href":"https:\/\/www.bau-styl.hu\/epitoanyag\/wp-json\/wp\/v2\/media\/7044"}],"wp:attachment":[{"href":"https:\/\/www.bau-styl.hu\/epitoanyag\/wp-json\/wp\/v2\/media?parent=8118"}],"wp:term":[{"taxonomy":"product_brand","embeddable":true,"href":"https:\/\/www.bau-styl.hu\/epitoanyag\/wp-json\/wp\/v2\/product_brand?post=8118"},{"taxonomy":"product_cat","embeddable":true,"href":"https:\/\/www.bau-styl.hu\/epitoanyag\/wp-json\/wp\/v2\/product_cat?post=8118"},{"taxonomy":"product_tag","embeddable":true,"href":"https:\/\/www.bau-styl.hu\/epitoanyag\/wp-json\/wp\/v2\/product_tag?post=8118"}],"curies":[{"name":"wp","href":"https:\/\/api.w.org\/{rel}","templated":true}]}}