{"id":8147,"date":"2019-10-28T08:49:53","date_gmt":"2019-10-28T06:49:53","guid":{"rendered":"https:\/\/www.bau-styl.hu\/epitoanyag\/termek\/kk-kavics-dublin-terko-racsko-szurke-60x40x10-cm\/"},"modified":"2025-06-26T08:26:19","modified_gmt":"2025-06-26T06:26:19","slug":"kk-kavics-dublin-gyepracsko-terko-szurke-60x40x10-cm","status":"publish","type":"product","link":"https:\/\/www.bau-styl.hu\/epitoanyag\/termek\/kk-kavics-dublin-gyepracsko-terko-szurke-60x40x10-cm\/","title":{"rendered":"KK Kavics Dublin Gyepr\u00e1csk\u0151 t\u00e9rk\u0151 sz\u00fcrke 60x40x10 cm"},"content":{"rendered":"<p><strong>Aj\u00e1nlhatunk hozz\u00e1 m\u00e1st is?<\/strong><\/p>\n<p><span style=\"text-decoration: underline;\"><a href=\"https:\/\/www.bau-styl.hu\/epitoanyag\/termek\/lb-knauf-kvarchomok-0-06-mm-40-kg\/\">Cemix Kvarchomok 0-0,6 mm 40 kg<\/a><\/span><br \/>\n<span style=\"text-decoration: underline;\"><a href=\"https:\/\/www.bau-styl.hu\/epitoanyag\/termek\/murva-0-20\/\">Murva 0-20Murva 0-20 \/ tonna<\/a><\/span><br \/>\n<span style=\"text-decoration: underline;\"><a href=\"https:\/\/www.bau-styl.hu\/epitoanyag\/termek\/murva-12-20\/\">Murva 12-20<\/a><\/span><br \/>\n<span style=\"text-decoration: underline;\"><a href=\"https:\/\/www.bau-styl.hu\/epitoanyag\/termek\/homok-0-4\/\">Homok 0-4 \/ tonna<\/a><\/span><\/p>\n","protected":false},"excerpt":{"rendered":"<p>A Dublin burkol\u00f3k\u0151 csal\u00e1d mindk\u00e9t term\u00e9ke k\u00f6nnyed\u00e9n megbirk\u00f3zik az es\u0151v\u00edzzel megfelel\u0151 v\u00edz\u00e1tereszt\u0151 al\u00e9p\u00edtm\u00e9ny eset\u00e9n. A gyepr\u00e1csk\u0151 kialak\u00edt\u00e1sa el\u0151seg\u00edti a k\u00f6nny\u0171 gyepes\u00edt\u00e9st, hiszen nagyszer\u0171 t\u00e1maszk\u00e9nt szolg\u00e1l a puha f\u0171ben, r\u00e1ad\u00e1sul term\u00e9szetes m\u00f3don visszavezeti a lehullott csapad\u00e9kot a talajba. A Dublin k\u00f6vek k\u00f6nnyed\u00e9n elviselik a nagy forgalmi terhel\u00e9st, \u00edgy ide\u00e1lisak k\u00f6zter\u00fcletek burkol\u00e1s\u00e1ra.<\/p>\n","protected":false},"featured_media":28521,"template":"","meta":[],"product_brand":[],"product_cat":[168,175,180],"product_tag":[6600],"class_list":{"0":"post-8147","1":"product","2":"type-product","3":"status-publish","4":"has-post-thumbnail","6":"product_cat-kertepites-es-terburkolat","7":"product_cat-terkovek","8":"product_cat-kk-kavics-beton-terko-kiegeszito","9":"product_tag-kk-kavics-beton","11":"first","12":"instock","13":"taxable","14":"shipping-taxable","15":"purchasable","16":"product-type-simple"},"aioseo_notices":[],"_links":{"self":[{"href":"https:\/\/www.bau-styl.hu\/epitoanyag\/wp-json\/wp\/v2\/product\/8147","targetHints":{"allow":["GET"]}}],"collection":[{"href":"https:\/\/www.bau-styl.hu\/epitoanyag\/wp-json\/wp\/v2\/product"}],"about":[{"href":"https:\/\/www.bau-styl.hu\/epitoanyag\/wp-json\/wp\/v2\/types\/product"}],"wp:featuredmedia":[{"embeddable":true,"href":"https:\/\/www.bau-styl.hu\/epitoanyag\/wp-json\/wp\/v2\/media\/28521"}],"wp:attachment":[{"href":"https:\/\/www.bau-styl.hu\/epitoanyag\/wp-json\/wp\/v2\/media?parent=8147"}],"wp:term":[{"taxonomy":"product_brand","embeddable":true,"href":"https:\/\/www.bau-styl.hu\/epitoanyag\/wp-json\/wp\/v2\/product_brand?post=8147"},{"taxonomy":"product_cat","embeddable":true,"href":"https:\/\/www.bau-styl.hu\/epitoanyag\/wp-json\/wp\/v2\/product_cat?post=8147"},{"taxonomy":"product_tag","embeddable":true,"href":"https:\/\/www.bau-styl.hu\/epitoanyag\/wp-json\/wp\/v2\/product_tag?post=8147"}],"curies":[{"name":"wp","href":"https:\/\/api.w.org\/{rel}","templated":true}]}}