{"id":8194,"date":"2019-10-28T06:50:21","date_gmt":"2019-10-28T04:50:21","guid":{"rendered":"https:\/\/www.bau-styl.hu\/epitoanyag\/termek\/kk-kavics-london-vario-kombi-terko-oszilomb-6-cm\/"},"modified":"2025-06-03T20:46:36","modified_gmt":"2025-06-03T18:46:36","slug":"kk-kavics-london-vario-kombi-terko-oszilomb-6-cm","status":"publish","type":"product","link":"https:\/\/www.bau-styl.hu\/epitoanyag\/termek\/kk-kavics-london-vario-kombi-terko-oszilomb-6-cm\/","title":{"rendered":"KK Kavics London Vario Kombi t\u00e9rk\u0151 \u0151szilomb 6 cm"},"content":{"rendered":"<p><strong>Aj\u00e1nlhatunk hozz\u00e1 m\u00e1st is?<\/strong><\/p>\n<p><span style=\"text-decoration: underline;\"><a href=\"https:\/\/www.bau-styl.hu\/epitoanyag\/termek\/lb-knauf-kvarchomok-0-06-mm-40-kg\/\">Cemix Kvarchomok 0-0,6 mm 40 kg<\/a><\/span><br \/>\n<span style=\"text-decoration: underline;\"><a href=\"https:\/\/www.bau-styl.hu\/epitoanyag\/termek\/murva-0-20\/\">Murva 0-20Murva 0-20 \/ tonna<\/a><\/span><br \/>\n<span style=\"text-decoration: underline;\"><a href=\"https:\/\/www.bau-styl.hu\/epitoanyag\/termek\/murva-12-20\/\">Murva 12-20<\/a><\/span><br \/>\n<span style=\"text-decoration: underline;\"><a href=\"https:\/\/www.bau-styl.hu\/epitoanyag\/termek\/homok-0-4\/\">Homok 0-4 \/ tonna<\/a><\/span><\/p>\n","protected":false},"excerpt":{"rendered":"<p>A London burkol\u00f3k\u00f6vek vizu\u00e1lis \u00f6sszhangot teremtenek kertj\u00e9ben \u00e9s h\u00e1za k\u00f6r\u00fcl. Az \u0151szilomb term\u00e9k\u00fcnk haszn\u00e1lat\u00e1val, k\u00fcl\u00f6nleges, az \u0151szi avar sz\u00edneit id\u00e9z\u0151 hangulatot teremthet k\u00f6rnyezet\u00e9ben.<\/p>\n","protected":false},"featured_media":3049,"template":"","meta":[],"product_brand":[],"product_cat":[168,175,180],"product_tag":[6600],"class_list":{"0":"post-8194","1":"product","2":"type-product","3":"status-publish","4":"has-post-thumbnail","6":"product_cat-kertepites-es-terburkolat","7":"product_cat-terkovek","8":"product_cat-kk-kavics-beton-terko-kiegeszito","9":"product_tag-kk-kavics-beton","11":"first","12":"instock","13":"taxable","14":"shipping-taxable","15":"purchasable","16":"product-type-simple"},"aioseo_notices":[],"_links":{"self":[{"href":"https:\/\/www.bau-styl.hu\/epitoanyag\/wp-json\/wp\/v2\/product\/8194","targetHints":{"allow":["GET"]}}],"collection":[{"href":"https:\/\/www.bau-styl.hu\/epitoanyag\/wp-json\/wp\/v2\/product"}],"about":[{"href":"https:\/\/www.bau-styl.hu\/epitoanyag\/wp-json\/wp\/v2\/types\/product"}],"wp:featuredmedia":[{"embeddable":true,"href":"https:\/\/www.bau-styl.hu\/epitoanyag\/wp-json\/wp\/v2\/media\/3049"}],"wp:attachment":[{"href":"https:\/\/www.bau-styl.hu\/epitoanyag\/wp-json\/wp\/v2\/media?parent=8194"}],"wp:term":[{"taxonomy":"product_brand","embeddable":true,"href":"https:\/\/www.bau-styl.hu\/epitoanyag\/wp-json\/wp\/v2\/product_brand?post=8194"},{"taxonomy":"product_cat","embeddable":true,"href":"https:\/\/www.bau-styl.hu\/epitoanyag\/wp-json\/wp\/v2\/product_cat?post=8194"},{"taxonomy":"product_tag","embeddable":true,"href":"https:\/\/www.bau-styl.hu\/epitoanyag\/wp-json\/wp\/v2\/product_tag?post=8194"}],"curies":[{"name":"wp","href":"https:\/\/api.w.org\/{rel}","templated":true}]}}